{"id":4587,"date":"2023-10-31T09:59:00","date_gmt":"2023-10-31T12:59:00","guid":{"rendered":"https:\/\/sindilojasbrusque.com.br\/?page_id=4587"},"modified":"2024-10-24T17:32:39","modified_gmt":"2024-10-24T20:32:39","slug":"teste","status":"publish","type":"page","link":"https:\/\/sindilojasbrusque.com.br\/?page_id=4587","title":{"rendered":"Por que se associar?"},"content":{"rendered":"\t\t<div data-elementor-type=\"wp-page\" data-elementor-id=\"4587\" class=\"elementor elementor-4587\" data-elementor-post-type=\"page\">\n\t\t\t\t<div class=\"elementor-element elementor-element-014c20e e-flex e-con-boxed e-con e-parent\" data-id=\"014c20e\" data-element_type=\"container\" data-e-type=\"container\">\n\t\t\t\t\t<div class=\"e-con-inner\">\n\t\t<div class=\"elementor-element elementor-element-772b46a e-con-full e-flex e-con e-child\" data-id=\"772b46a\" data-element_type=\"container\" data-e-type=\"container\">\n\t\t\t\t<div class=\"elementor-element elementor-element-eb1d4db elementor-widget elementor-widget-text-editor\" data-id=\"eb1d4db\" data-element_type=\"widget\" data-e-type=\"widget\" data-widget_type=\"text-editor.default\">\n\t\t\t\t<div class=\"elementor-widget-container\">\n\t\t\t\t\t\t\t\t\t<p>Por que ele representa e defende os direitos e interesses do com\u00e9rcio varejista e atacadista de Brusque, Guabiruba, e Botuver\u00e1<br \/>Celebra conven\u00e7\u00f5es e contratos coletivos, apoia eventos culturais e oferece uma s\u00e9rie de benef\u00edcios atrav\u00e9s de empresas conveniadas em diversas \u00e1reas.<br \/>A Diretoria do Sindilojas \u00e9 composta por empres\u00e1rios eleitos, representantes de empresas associadas ao quadro social da entidade e que atuam totalmente de forma volunt\u00e1ria . <br \/>Ao se associar, voc\u00ea est\u00e1 contribuindo ainda mais para o fortalecimento de uma Entidade que desde 1967 defende e representa os interesses do com\u00e9rcio, bens, servi\u00e7os, turismo, pessoas e de sua Cidade!<\/p><p>Empres\u00e1rio, Fortale\u00e7a\u00a0seu\u00a0SINDICATO!<\/p>\t\t\t\t\t\t\t\t<\/div>\n\t\t\t\t<\/div>\n\t\t\t\t<\/div>\n\t\t\t\t\t<\/div>\n\t\t\t\t<\/div>\n\t\t\t\t<\/div>\n\t\t","protected":false},"excerpt":{"rendered":"<p>Por que ele representa e defende os direitos e interesses do com\u00e9rcio varejista e atacadista de Brusque, Guabiruba, e Botuver\u00e1Celebra conven\u00e7\u00f5es e contratos coletivos, apoia eventos culturais e oferece uma s\u00e9rie de benef\u00edcios atrav\u00e9s de empresas conveniadas em diversas \u00e1reas.A Diretoria do Sindilojas \u00e9 composta por empres\u00e1rios eleitos, representantes de empresas associadas ao quadro social [&hellip;]<\/p>\n","protected":false},"author":1,"featured_media":0,"parent":0,"menu_order":0,"comment_status":"closed","ping_status":"closed","template":"","meta":{"footnotes":""},"class_list":["post-4587","page","type-page","status-publish","hentry"],"_links":{"self":[{"href":"https:\/\/sindilojasbrusque.com.br\/index.php?rest_route=\/wp\/v2\/pages\/4587","targetHints":{"allow":["GET"]}}],"collection":[{"href":"https:\/\/sindilojasbrusque.com.br\/index.php?rest_route=\/wp\/v2\/pages"}],"about":[{"href":"https:\/\/sindilojasbrusque.com.br\/index.php?rest_route=\/wp\/v2\/types\/page"}],"author":[{"embeddable":true,"href":"https:\/\/sindilojasbrusque.com.br\/index.php?rest_route=\/wp\/v2\/users\/1"}],"replies":[{"embeddable":true,"href":"https:\/\/sindilojasbrusque.com.br\/index.php?rest_route=%2Fwp%2Fv2%2Fcomments&post=4587"}],"version-history":[{"count":14,"href":"https:\/\/sindilojasbrusque.com.br\/index.php?rest_route=\/wp\/v2\/pages\/4587\/revisions"}],"predecessor-version":[{"id":4761,"href":"https:\/\/sindilojasbrusque.com.br\/index.php?rest_route=\/wp\/v2\/pages\/4587\/revisions\/4761"}],"wp:attachment":[{"href":"https:\/\/sindilojasbrusque.com.br\/index.php?rest_route=%2Fwp%2Fv2%2Fmedia&parent=4587"}],"curies":[{"name":"wp","href":"https:\/\/api.w.org\/{rel}","templated":true}]}}