{"id":4236,"date":"2023-10-08T22:27:20","date_gmt":"2023-10-09T01:27:20","guid":{"rendered":"https:\/\/sindilojasbrusque.com.br?page_id=4236"},"modified":"2023-10-31T10:22:08","modified_gmt":"2023-10-31T13:22:08","slug":"informativo-fecomercio","status":"publish","type":"page","link":"https:\/\/sindilojasbrusque.com.br\/?page_id=4236","title":{"rendered":"Informativo Fecom\u00e9rcio"},"content":{"rendered":"\t\t<div data-elementor-type=\"wp-page\" data-elementor-id=\"4236\" class=\"elementor elementor-4236\" data-elementor-post-type=\"page\">\n\t\t\t\t<div class=\"elementor-element elementor-element-c5a4e7f e-flex e-con-boxed e-con e-parent\" data-id=\"c5a4e7f\" data-element_type=\"container\" data-e-type=\"container\">\n\t\t\t\t\t<div class=\"e-con-inner\">\n\t\t<div class=\"elementor-element elementor-element-b08ea73 e-flex e-con-boxed e-con e-child\" data-id=\"b08ea73\" data-element_type=\"container\" data-e-type=\"container\">\n\t\t\t\t\t<div class=\"e-con-inner\">\n\t\t\t\t<div class=\"elementor-element elementor-element-3af6013 elementor-widget elementor-widget-wp-widget-rss\" data-id=\"3af6013\" data-element_type=\"widget\" data-e-type=\"widget\" data-widget_type=\"wp-widget-rss.default\">\n\t\t\t\t<div class=\"elementor-widget-container\">\n\t\t\t\t\t<h5><a class=\"rsswidget rss-widget-feed\" href=\"http:\/\/www.fecomercio-sc.com.br\/feed\/?post_type=news\"><img decoding=\"async\" class=\"rss-widget-icon\" style=\"border:0\" width=\"14\" height=\"14\" src=\"https:\/\/sindilojasbrusque.com.br\/wp-includes\/images\/rss.png\" alt=\"RSS\" \/><\/a> <a class=\"rsswidget rss-widget-title\" href=\"https:\/\/www.fecomercio-sc.com.br\/\">\u00daltimas not\u00edcias<\/a><\/h5><ul><li><a class='rsswidget' href='https:\/\/www.fecomercio-sc.com.br\/noticias\/santa-catarina-tem-segundo-maior-crescimento-do-varejo-do-pais-em-12-meses'>Santa Catarina tem segundo maior crescimento do varejo do pa\u00eds em 12 meses<\/a> <span class=\"rss-date\">15 de April de 2026<\/span><div class=\"rssSummary\">O com\u00e9rcio varejista de Santa Catarina acumula alta de 5,2% em 12 meses, o segundo maior crescimento do pa\u00eds, segundo dados da Pesquisa Mensal do Com\u00e9rcio (PMC), analisados pelo N\u00facleo de Intelig\u00eancia Estrat\u00e9gica da Fecom\u00e9rcio SC. O desempenho catarinense supera com folga a m\u00e9dia nacional, que avan\u00e7ou 1,4% no mesmo per\u00edodo. O resultado refor\u00e7a a [&hellip;]<\/div><\/li><li><a class='rsswidget' href='https:\/\/www.fecomercio-sc.com.br\/noticias\/inadimplencia-em-sc-recua-pelo-quinto-mes-consecutivo-e-segue-abaixo-da-media-nacional'>Inadimpl\u00eancia em SC recua pelo quinto m\u00eas consecutivo e segue abaixo da m\u00e9dia nacional<\/a> <span class=\"rss-date\">9 de April de 2026<\/span><div class=\"rssSummary\">A inadimpl\u00eancia das fam\u00edlias catarinenses voltou a cair em mar\u00e7o de 2026, marcando o quinto m\u00eas consecutivo de redu\u00e7\u00e3o no indicador. O percentual de fam\u00edlias com contas em atraso recuou de 28,1% em fevereiro para 26,8%, uma queda de 1,3 ponto percentual, segundo a Pesquisa de Endividamento e Inadimpl\u00eancia do Consumidor (PEIC), elaborada pelo N\u00facleo [&hellip;]<\/div><\/li><li><a class='rsswidget' href='https:\/\/www.fecomercio-sc.com.br\/noticias\/confianca-do-empresario-varejista-tem-pior-resultado-para-marco-em-nove-anos-no-estado'>Confian\u00e7a do empres\u00e1rio varejista tem pior resultado para mar\u00e7o em nove anos no estado<\/a> <span class=\"rss-date\">8 de April de 2026<\/span><div class=\"rssSummary\">O \u00cdndice de Confian\u00e7a do Empres\u00e1rio do Com\u00e9rcio (ICEC) de Santa Catarina registrou 94,6 pontos em mar\u00e7o, o pior resultado para o m\u00eas nos \u00faltimos nove anos, segundo levantamento do N\u00facleo de Intelig\u00eancia Estrat\u00e9gica da Fecom\u00e9rcio SC. O indicador recuou 4,7% em rela\u00e7\u00e3o a fevereiro e 10,3% na compara\u00e7\u00e3o com mar\u00e7o de 2025, permanecendo abaixo [&hellip;]<\/div><\/li><li><a class='rsswidget' href='https:\/\/www.fecomercio-sc.com.br\/noticias\/servicos-e-comercio-geram-mais-de-11-mil-empregos-em-fevereiro-no-estado'>Servi\u00e7os e com\u00e9rcio geram mais de 11 mil empregos em fevereiro no estado<\/a> <span class=\"rss-date\">31 de March de 2026<\/span><div class=\"rssSummary\">Os setores de servi\u00e7os e com\u00e9rcio foram respons\u00e1veis por praticamente metade dos empregos formais gerados em Santa Catarina no m\u00eas de fevereiro. Ao todo, foram 11.091 novas vagas nesses dois segmentos, de um total de 21.727. O m\u00eas foi especialmente positivo para o setor de servi\u00e7os, que respondeu por 11.050 novos postos de trabalho formais. [&hellip;]<\/div><\/li><li><a class='rsswidget' href='https:\/\/www.fecomercio-sc.com.br\/noticias\/intencao-de-consumo-das-familias-catarinenses-recua-28-em-marco-aponta-fecomercio'>Inten\u00e7\u00e3o de consumo das fam\u00edlias catarinenses recua 2,8% em mar\u00e7o, aponta Fecom\u00e9rcio<\/a> <span class=\"rss-date\">31 de March de 2026<\/span><div class=\"rssSummary\">A Inten\u00e7\u00e3o de Consumo das Fam\u00edlias (ICF) em Santa Catarina registrou queda de 2,8% em mar\u00e7o de 2026, interrompendo a sequ\u00eancia de altas observadas nos dois primeiros meses do ano. O \u00edndice atingiu 109,7 pontos, mantendo-se, ainda assim, acima da linha de satisfa\u00e7\u00e3o (100 pontos) e da m\u00e9dia nacional, que ficou em 104,6 pontos. Na [&hellip;]<\/div><\/li><li><a class='rsswidget' href='https:\/\/www.fecomercio-sc.com.br\/pesquisas\/veja-a-intencao-de-consumo-das-familias-icf-marco-2026'>Veja a Inten\u00e7\u00e3o de Consumo das Fam\u00edlias \u2013 ICF mar\u00e7o 2026<\/a> <span class=\"rss-date\">31 de March de 2026<\/span><div class=\"rssSummary\">Veja a Inten\u00e7\u00e3o de Consumo das Fam\u00edlias \u2013 ICF mar\u00e7o 2026 202603_ICF<\/div><\/li><li><a class='rsswidget' href='https:\/\/www.fecomercio-sc.com.br\/noticias\/temporada-de-verao-em-sc-gasto-medio-dos-turistas-cai-164-em-2026-no-litoral'>Temporada de ver\u00e3o em SC: gasto m\u00e9dio dos turistas cai 16,4% em 2026 no litoral<\/a> <span class=\"rss-date\">26 de March de 2026<\/span><div class=\"rssSummary\">A temporada de ver\u00e3o de 2026 no litoral catarinense registrou queda no gasto m\u00e9dio dos turistas. O desembolso por grupo de visitantes recuou 16,4% em rela\u00e7\u00e3o a 2025, passando de R$ 9.833 para R$ 8.224. Al\u00e9m disso, 43,8% dos empres\u00e1rios avaliaram o movimento como abaixo das expectativas. Os dados constam da Pesquisa Turismo de Ver\u00e3o [&hellip;]<\/div><\/li><li><a class='rsswidget' href='https:\/\/www.fecomercio-sc.com.br\/pesquisas\/pesquisa-turismo-de-verao-no-litoral-catarinense-2026'>Pesquisa Turismo de Ver\u00e3o no Litoral Catarinense 2026<\/a> <span class=\"rss-date\">26 de March de 2026<\/span><div class=\"rssSummary\">A Pesquisa Fecom\u00e9rcio SC de Turismo de Ver\u00e3o no Litoral Catarinense 2026 abrange cidades que representam as caracter\u00edsticas e peculiaridades de todo o litoral \u2013 S\u00e3o Francisco do Sul, Balne\u00e1rio Cambori\u00fa, Florian\u00f3polis, Imbituba e Laguna. Temporada de Ver\u00e3o 2026<\/div><\/li><li><a class='rsswidget' href='https:\/\/www.fecomercio-sc.com.br\/noticias\/semana-s-2026-tera-palestras-e-shows-gratuitos-em-florianopolis-e-balneario-camboriu'>Semana S 2026 ter\u00e1 palestras e shows gratuitos em Florian\u00f3polis e Balne\u00e1rio Cambori\u00fa<\/a> <span class=\"rss-date\">24 de March de 2026<\/span><div class=\"rssSummary\">A contagem regressiva para o maior evento integrado do setor terci\u00e1rio no Brasil come\u00e7ou. J\u00e1 est\u00e3o abertas as inscri\u00e7\u00f5es para as atividades da Semana S 2026. Promovida pelo Sistema CNC-Sesc-Senac, com a\u00e7\u00f5es em \u00e2mbito nacional, a iniciativa ser\u00e1 realizada nos dias 15 e 16 de maio, simultaneamente nas maiores cidades do pa\u00eds. Em Santa Catarina, [&hellip;]<\/div><\/li><li><a class='rsswidget' href='https:\/\/www.fecomercio-sc.com.br\/noticias\/inadimplencia-recua-pelo-quarto-mes-consecutivo-em-santa-catarina'>Inadimpl\u00eancia recua pelo quarto m\u00eas consecutivo em Santa Catarina<\/a> <span class=\"rss-date\">13 de March de 2026<\/span><div class=\"rssSummary\">Ap\u00f3s atingir um recorde em outubro do ano passado, a inadimpl\u00eancia recuou pelo quarto m\u00eas consecutivo em Santa Catarina, em fevereiro. Os dados da Pesquisa de Endividamento e Inadimpl\u00eancia do Consumidor (PEIC), divulgada pela Fecom\u00e9rcio-SC em parceria com a Confedera\u00e7\u00e3o Nacional do Com\u00e9rcio (CNC), apontam que a taxa de fam\u00edlias com contas em atraso caiu [&hellip;]<\/div><\/li><\/ul>\t\t\t\t<\/div>\n\t\t\t\t<\/div>\n\t\t\t\t\t<\/div>\n\t\t\t\t<\/div>\n\t\t\t\t\t<\/div>\n\t\t\t\t<\/div>\n\t\t\t\t<\/div>\n\t\t","protected":false},"excerpt":{"rendered":"","protected":false},"author":1,"featured_media":0,"parent":0,"menu_order":0,"comment_status":"closed","ping_status":"closed","template":"","meta":{"footnotes":""},"class_list":["post-4236","page","type-page","status-publish","hentry"],"_links":{"self":[{"href":"https:\/\/sindilojasbrusque.com.br\/index.php?rest_route=\/wp\/v2\/pages\/4236","targetHints":{"allow":["GET"]}}],"collection":[{"href":"https:\/\/sindilojasbrusque.com.br\/index.php?rest_route=\/wp\/v2\/pages"}],"about":[{"href":"https:\/\/sindilojasbrusque.com.br\/index.php?rest_route=\/wp\/v2\/types\/page"}],"author":[{"embeddable":true,"href":"https:\/\/sindilojasbrusque.com.br\/index.php?rest_route=\/wp\/v2\/users\/1"}],"replies":[{"embeddable":true,"href":"https:\/\/sindilojasbrusque.com.br\/index.php?rest_route=%2Fwp%2Fv2%2Fcomments&post=4236"}],"version-history":[{"count":28,"href":"https:\/\/sindilojasbrusque.com.br\/index.php?rest_route=\/wp\/v2\/pages\/4236\/revisions"}],"predecessor-version":[{"id":4600,"href":"https:\/\/sindilojasbrusque.com.br\/index.php?rest_route=\/wp\/v2\/pages\/4236\/revisions\/4600"}],"wp:attachment":[{"href":"https:\/\/sindilojasbrusque.com.br\/index.php?rest_route=%2Fwp%2Fv2%2Fmedia&parent=4236"}],"curies":[{"name":"wp","href":"https:\/\/api.w.org\/{rel}","templated":true}]}}