{"id":3300,"date":"2023-08-11T16:19:48","date_gmt":"2023-08-11T19:19:48","guid":{"rendered":"https:\/\/sindilojasbrusque.com.br?page_id=3300"},"modified":"2023-10-26T18:00:13","modified_gmt":"2023-10-26T21:00:13","slug":"painel-do-associado","status":"publish","type":"page","link":"https:\/\/sindilojasbrusque.com.br\/?page_id=3300","title":{"rendered":"Painel do Associado"},"content":{"rendered":"\t\t<div data-elementor-type=\"wp-page\" data-elementor-id=\"3300\" class=\"elementor elementor-3300\" data-elementor-post-type=\"page\">\n\t\t\t\t<div class=\"elementor-element elementor-element-2895723 e-flex e-con-boxed e-con e-parent\" data-id=\"2895723\" data-element_type=\"container\" data-e-type=\"container\">\n\t\t\t\t\t<div class=\"e-con-inner\">\n\t\t<div class=\"elementor-element elementor-element-27f8eaa e-flex e-con-boxed e-con e-child\" data-id=\"27f8eaa\" data-element_type=\"container\" data-e-type=\"container\">\n\t\t\t\t\t<div class=\"e-con-inner\">\n\t\t\t\t<div class=\"elementor-element elementor-element-52d6fa1 elementor-widget elementor-widget-text-editor\" data-id=\"52d6fa1\" data-element_type=\"widget\" data-e-type=\"widget\" data-widget_type=\"text-editor.default\">\n\t\t\t\t<div class=\"elementor-widget-container\">\n\t\t\t\t\t\t\t\t\t<p>Pesquise no campo de busca pela \u00e1rea de interesse, ap\u00f3s \u00e9 poss\u00edvel realizar o download do curr\u00edculo clicando em cima do link ao final dos dados de cada candidato.<\/p>\t\t\t\t\t\t\t\t<\/div>\n\t\t\t\t<\/div>\n\t\t\t\t\t<\/div>\n\t\t\t\t<\/div>\n\t\t\t\t\t<\/div>\n\t\t\t\t<\/div>\n\t\t<div class=\"elementor-element elementor-element-115803e e-flex e-con-boxed e-con e-parent\" data-id=\"115803e\" data-element_type=\"container\" data-e-type=\"container\">\n\t\t\t\t\t<div class=\"e-con-inner\">\n\t\t<div class=\"elementor-element elementor-element-dd313aa e-con-full e-flex e-con e-child\" data-id=\"dd313aa\" data-element_type=\"container\" data-e-type=\"container\">\n\t\t\t\t<div class=\"elementor-element elementor-element-7c70a3f elementor-widget elementor-widget-html\" data-id=\"7c70a3f\" data-element_type=\"widget\" data-e-type=\"widget\" data-widget_type=\"html.default\">\n\t\t\t\t<div class=\"elementor-widget-container\">\n\t\t\t\t\t<iframe width=\"100%\" height=\"315\" src=\"https:\/\/sindilojasbrusque.com.br\/consulta\/listadecandidatos.php\" frameborder=\"0\" allowfullscreen><\/iframe>\t\t\t\t<\/div>\n\t\t\t\t<\/div>\n\t\t\t\t<\/div>\n\t\t\t\t\t<\/div>\n\t\t\t\t<\/div>\n\t\t<div class=\"elementor-element elementor-element-4e34647 e-flex e-con-boxed e-con e-parent\" data-id=\"4e34647\" data-element_type=\"container\" data-e-type=\"container\">\n\t\t\t\t\t<div class=\"e-con-inner\">\n\t\t<div class=\"elementor-element elementor-element-b41bc0c e-flex e-con-boxed e-con e-child\" data-id=\"b41bc0c\" data-element_type=\"container\" data-e-type=\"container\" data-settings=\"{&quot;background_background&quot;:&quot;classic&quot;}\">\n\t\t\t\t\t<div class=\"e-con-inner\">\n\t\t\t\t<div class=\"elementor-element elementor-element-e4659c5 elementor-widget elementor-widget-heading\" data-id=\"e4659c5\" data-element_type=\"widget\" data-e-type=\"widget\" data-widget_type=\"heading.default\">\n\t\t\t\t<div class=\"elementor-widget-container\">\n\t\t\t\t\t<h2 class=\"elementor-heading-title elementor-size-default\">Not\u00edcias para os associados<\/h2>\t\t\t\t<\/div>\n\t\t\t\t<\/div>\n\t\t\t\t\t<\/div>\n\t\t\t\t<\/div>\n\t\t\t\t\t<\/div>\n\t\t\t\t<\/div>\n\t\t<div class=\"elementor-element elementor-element-b85d90c e-flex e-con-boxed e-con e-parent\" data-id=\"b85d90c\" data-element_type=\"container\" data-e-type=\"container\">\n\t\t\t\t\t<div class=\"e-con-inner\">\n\t\t<div class=\"elementor-element elementor-element-d25cca3 e-flex e-con-boxed e-con e-child\" data-id=\"d25cca3\" data-element_type=\"container\" data-e-type=\"container\">\n\t\t\t\t\t<div class=\"e-con-inner\">\n\t\t\t\t<div class=\"elementor-element elementor-element-23e24f1 elementor-posts--align-left elementor-grid-3 elementor-grid-tablet-2 elementor-grid-mobile-1 elementor-posts--thumbnail-top elementor-widget elementor-widget-posts\" data-id=\"23e24f1\" data-element_type=\"widget\" data-e-type=\"widget\" data-settings=\"{&quot;classic_columns&quot;:&quot;3&quot;,&quot;classic_columns_tablet&quot;:&quot;2&quot;,&quot;classic_columns_mobile&quot;:&quot;1&quot;,&quot;classic_row_gap&quot;:{&quot;unit&quot;:&quot;px&quot;,&quot;size&quot;:35,&quot;sizes&quot;:[]},&quot;classic_row_gap_tablet&quot;:{&quot;unit&quot;:&quot;px&quot;,&quot;size&quot;:&quot;&quot;,&quot;sizes&quot;:[]},&quot;classic_row_gap_mobile&quot;:{&quot;unit&quot;:&quot;px&quot;,&quot;size&quot;:&quot;&quot;,&quot;sizes&quot;:[]}}\" data-widget_type=\"posts.classic\">\n\t\t\t\t<div class=\"elementor-widget-container\">\n\t\t\t\t\t\t\t<div class=\"elementor-posts-container elementor-posts elementor-posts--skin-classic elementor-grid\" role=\"list\">\n\t\t\t\t<article class=\"elementor-post elementor-grid-item post-5017 post type-post status-publish format-standard has-post-thumbnail hentry category-geral\" role=\"listitem\">\n\t\t\t\t<a class=\"elementor-post__thumbnail__link\" href=\"https:\/\/sindilojasbrusque.com.br\/?p=5017\" tabindex=\"-1\" >\n\t\t\t<div class=\"elementor-post__thumbnail\"><img fetchpriority=\"high\" decoding=\"async\" width=\"300\" height=\"200\" src=\"https:\/\/sindilojasbrusque.com.br\/wp-content\/uploads\/2026\/04\/WhatsApp-Image-2026-04-28-at-19.06.02-2-300x200.jpeg\" class=\"attachment-medium size-medium wp-image-5019\" alt=\"\" srcset=\"https:\/\/sindilojasbrusque.com.br\/wp-content\/uploads\/2026\/04\/WhatsApp-Image-2026-04-28-at-19.06.02-2-300x200.jpeg 300w, https:\/\/sindilojasbrusque.com.br\/wp-content\/uploads\/2026\/04\/WhatsApp-Image-2026-04-28-at-19.06.02-2-1024x682.jpeg 1024w, https:\/\/sindilojasbrusque.com.br\/wp-content\/uploads\/2026\/04\/WhatsApp-Image-2026-04-28-at-19.06.02-2-768x512.jpeg 768w, https:\/\/sindilojasbrusque.com.br\/wp-content\/uploads\/2026\/04\/WhatsApp-Image-2026-04-28-at-19.06.02-2-1536x1023.jpeg 1536w, https:\/\/sindilojasbrusque.com.br\/wp-content\/uploads\/2026\/04\/WhatsApp-Image-2026-04-28-at-19.06.02-2.jpeg 1600w\" sizes=\"(max-width: 300px) 100vw, 300px\" \/><\/div>\n\t\t<\/a>\n\t\t\t\t<div class=\"elementor-post__text\">\n\t\t\t\t<h2 class=\"elementor-post__title\">\n\t\t\t<a href=\"https:\/\/sindilojasbrusque.com.br\/?p=5017\" >\n\t\t\t\tSindilojas Brusque lan\u00e7a Festival de Pr\u00eamios da campanha Com\u00e9rcio Local \u00e9 Legal 2026\t\t\t<\/a>\n\t\t<\/h2>\n\t\t\t\t<div class=\"elementor-post__meta-data\">\n\t\t\t\t\t<span class=\"elementor-post-date\">\n\t\t\t29 de April de 2026\t\t<\/span>\n\t\t\t\t<\/div>\n\t\t\t\t<div class=\"elementor-post__excerpt\">\n\t\t\t<p>Iniciativa da Fecom\u00e9rcio SC re\u00fane empresas da regi\u00e3o e vai distribuir R$ 500 mil em pr\u00eamios para consumidores O Sindicato do Com\u00e9rcio Varejista e Atacadista<\/p>\n\t\t<\/div>\n\t\t\t\t\t<div class=\"elementor-post__read-more-wrapper\">\n\t\t\n\t\t<a class=\"elementor-post__read-more\" href=\"https:\/\/sindilojasbrusque.com.br\/?p=5017\" aria-label=\"Read more about Sindilojas Brusque lan\u00e7a Festival de Pr\u00eamios da campanha Com\u00e9rcio Local \u00e9 Legal 2026\" tabindex=\"-1\" >\n\t\t\tLeia mais \u00bb\t\t<\/a>\n\n\t\t\t\t\t<\/div>\n\t\t\t\t<\/div>\n\t\t\t\t<\/article>\n\t\t\t\t<article class=\"elementor-post elementor-grid-item post-5005 post type-post status-publish format-standard has-post-thumbnail hentry category-geral\" role=\"listitem\">\n\t\t\t\t<a class=\"elementor-post__thumbnail__link\" href=\"https:\/\/sindilojasbrusque.com.br\/?p=5005\" tabindex=\"-1\" >\n\t\t\t<div class=\"elementor-post__thumbnail\"><img decoding=\"async\" width=\"300\" height=\"154\" src=\"https:\/\/sindilojasbrusque.com.br\/wp-content\/uploads\/2026\/04\/WhatsApp-Image-2026-04-24-at-09.04.07-300x154.jpeg\" class=\"attachment-medium size-medium wp-image-5007\" alt=\"\" srcset=\"https:\/\/sindilojasbrusque.com.br\/wp-content\/uploads\/2026\/04\/WhatsApp-Image-2026-04-24-at-09.04.07-300x154.jpeg 300w, https:\/\/sindilojasbrusque.com.br\/wp-content\/uploads\/2026\/04\/WhatsApp-Image-2026-04-24-at-09.04.07-1024x524.jpeg 1024w, https:\/\/sindilojasbrusque.com.br\/wp-content\/uploads\/2026\/04\/WhatsApp-Image-2026-04-24-at-09.04.07-768x393.jpeg 768w, https:\/\/sindilojasbrusque.com.br\/wp-content\/uploads\/2026\/04\/WhatsApp-Image-2026-04-24-at-09.04.07.jpeg 1409w\" sizes=\"(max-width: 300px) 100vw, 300px\" \/><\/div>\n\t\t<\/a>\n\t\t\t\t<div class=\"elementor-post__text\">\n\t\t\t\t<h2 class=\"elementor-post__title\">\n\t\t\t<a href=\"https:\/\/sindilojasbrusque.com.br\/?p=5005\" >\n\t\t\t\tEdital de convoca\u00e7\u00e3o\t\t\t<\/a>\n\t\t<\/h2>\n\t\t\t\t<div class=\"elementor-post__meta-data\">\n\t\t\t\t\t<span class=\"elementor-post-date\">\n\t\t\t24 de April de 2026\t\t<\/span>\n\t\t\t\t<\/div>\n\t\t\t\t<div class=\"elementor-post__excerpt\">\n\t\t\t<p>Prezados(as) Associados(as), Cumprimentando-os(as) cordialmente, informamos que, na data de ontem (23\/04), a publica\u00e7\u00e3o do edital de convoca\u00e7\u00e3o da Assembleia Geral Extraordin\u00e1ria em jornal impresso de<\/p>\n\t\t<\/div>\n\t\t\t\t\t<div class=\"elementor-post__read-more-wrapper\">\n\t\t\n\t\t<a class=\"elementor-post__read-more\" href=\"https:\/\/sindilojasbrusque.com.br\/?p=5005\" aria-label=\"Read more about Edital de convoca\u00e7\u00e3o\" tabindex=\"-1\" >\n\t\t\tLeia mais \u00bb\t\t<\/a>\n\n\t\t\t\t\t<\/div>\n\t\t\t\t<\/div>\n\t\t\t\t<\/article>\n\t\t\t\t<article class=\"elementor-post elementor-grid-item post-4992 post type-post status-publish format-standard has-post-thumbnail hentry category-geral\" role=\"listitem\">\n\t\t\t\t<a class=\"elementor-post__thumbnail__link\" href=\"https:\/\/sindilojasbrusque.com.br\/?p=4992\" tabindex=\"-1\" >\n\t\t\t<div class=\"elementor-post__thumbnail\"><img decoding=\"async\" width=\"300\" height=\"169\" src=\"https:\/\/sindilojasbrusque.com.br\/wp-content\/uploads\/2026\/04\/Sindilojjas-2-300x169.jpeg\" class=\"attachment-medium size-medium wp-image-4996\" alt=\"\" srcset=\"https:\/\/sindilojasbrusque.com.br\/wp-content\/uploads\/2026\/04\/Sindilojjas-2-300x169.jpeg 300w, https:\/\/sindilojasbrusque.com.br\/wp-content\/uploads\/2026\/04\/Sindilojjas-2-1024x576.jpeg 1024w, https:\/\/sindilojasbrusque.com.br\/wp-content\/uploads\/2026\/04\/Sindilojjas-2-768x432.jpeg 768w, https:\/\/sindilojasbrusque.com.br\/wp-content\/uploads\/2026\/04\/Sindilojjas-2-1536x864.jpeg 1536w, https:\/\/sindilojasbrusque.com.br\/wp-content\/uploads\/2026\/04\/Sindilojjas-2.jpeg 1600w\" sizes=\"(max-width: 300px) 100vw, 300px\" \/><\/div>\n\t\t<\/a>\n\t\t\t\t<div class=\"elementor-post__text\">\n\t\t\t\t<h2 class=\"elementor-post__title\">\n\t\t\t<a href=\"https:\/\/sindilojasbrusque.com.br\/?p=4992\" >\n\t\t\t\tConcurso de Vitrines de P\u00e1scoa 2026 premia lojas e destaca criatividade do com\u00e9rcio regional\t\t\t<\/a>\n\t\t<\/h2>\n\t\t\t\t<div class=\"elementor-post__meta-data\">\n\t\t\t\t\t<span class=\"elementor-post-date\">\n\t\t\t16 de April de 2026\t\t<\/span>\n\t\t\t\t<\/div>\n\t\t\t\t<div class=\"elementor-post__excerpt\">\n\t\t\t<p>O Sindicato do Com\u00e9rcio Varejista e Atacadista de Brusque, Botuver\u00e1 e Guabiruba (Sindilojas) anunciou, na manh\u00e3 desta quinta-feira, 16 de abril, as vencedoras da 3\u00aa<\/p>\n\t\t<\/div>\n\t\t\t\t\t<div class=\"elementor-post__read-more-wrapper\">\n\t\t\n\t\t<a class=\"elementor-post__read-more\" href=\"https:\/\/sindilojasbrusque.com.br\/?p=4992\" aria-label=\"Read more about Concurso de Vitrines de P\u00e1scoa 2026 premia lojas e destaca criatividade do com\u00e9rcio regional\" tabindex=\"-1\" >\n\t\t\tLeia mais \u00bb\t\t<\/a>\n\n\t\t\t\t\t<\/div>\n\t\t\t\t<\/div>\n\t\t\t\t<\/article>\n\t\t\t\t<\/div>\n\t\t\n\t\t\t\t\t\t<\/div>\n\t\t\t\t<\/div>\n\t\t\t\t\t<\/div>\n\t\t\t\t<\/div>\n\t\t\t\t\t<\/div>\n\t\t\t\t<\/div>\n\t\t<div class=\"elementor-element elementor-element-93c2b31 e-flex e-con-boxed e-con e-parent\" data-id=\"93c2b31\" data-element_type=\"container\" data-e-type=\"container\">\n\t\t\t\t\t<div class=\"e-con-inner\">\n\t\t<div class=\"elementor-element elementor-element-9ad6db8 e-flex e-con-boxed e-con e-child\" data-id=\"9ad6db8\" data-element_type=\"container\" data-e-type=\"container\" data-settings=\"{&quot;background_background&quot;:&quot;classic&quot;}\">\n\t\t\t\t\t<div class=\"e-con-inner\">\n\t\t\t\t<div class=\"elementor-element elementor-element-35404c7 elementor-widget elementor-widget-heading\" data-id=\"35404c7\" data-element_type=\"widget\" data-e-type=\"widget\" data-widget_type=\"heading.default\">\n\t\t\t\t<div class=\"elementor-widget-container\">\n\t\t\t\t\t<h2 class=\"elementor-heading-title elementor-size-default\">Conven\u00e7\u00f5es Coletiva\u200bs<\/h2>\t\t\t\t<\/div>\n\t\t\t\t<\/div>\n\t\t\t\t\t<\/div>\n\t\t\t\t<\/div>\n\t\t\t\t\t<\/div>\n\t\t\t\t<\/div>\n\t\t<div class=\"elementor-element elementor-element-c49ad3a e-flex e-con-boxed e-con e-parent\" data-id=\"c49ad3a\" data-element_type=\"container\" data-e-type=\"container\">\n\t\t\t\t\t<div class=\"e-con-inner\">\n\t\t<div class=\"elementor-element elementor-element-3f11e11 e-flex e-con-boxed e-con e-child\" data-id=\"3f11e11\" data-element_type=\"container\" data-e-type=\"container\">\n\t\t\t\t\t<div class=\"e-con-inner\">\n\t\t<div class=\"elementor-element elementor-element-a1599de e-flex e-con-boxed e-con e-child\" data-id=\"a1599de\" data-element_type=\"container\" data-e-type=\"container\">\n\t\t\t\t\t<div class=\"e-con-inner\">\n\t\t\t\t\t<\/div>\n\t\t\t\t<\/div>\n\t\t\t\t\t<\/div>\n\t\t\t\t<\/div>\n\t\t\t\t\t<\/div>\n\t\t\t\t<\/div>\n\t\t<div class=\"elementor-element elementor-element-de6c5fa e-flex e-con-boxed e-con e-parent\" data-id=\"de6c5fa\" data-element_type=\"container\" data-e-type=\"container\">\n\t\t\t\t\t<div class=\"e-con-inner\">\n\t\t<div class=\"elementor-element elementor-element-b4559e4 e-flex e-con-boxed e-con e-child\" data-id=\"b4559e4\" data-element_type=\"container\" data-e-type=\"container\" data-settings=\"{&quot;background_background&quot;:&quot;classic&quot;}\">\n\t\t\t\t\t<div class=\"e-con-inner\">\n\t\t\t\t<div class=\"elementor-element elementor-element-0aaa26c elementor-widget elementor-widget-heading\" data-id=\"0aaa26c\" data-element_type=\"widget\" data-e-type=\"widget\" data-widget_type=\"heading.default\">\n\t\t\t\t<div class=\"elementor-widget-container\">\n\t\t\t\t\t<h2 class=\"elementor-heading-title elementor-size-default\">Banco de vagas<\/h2>\t\t\t\t<\/div>\n\t\t\t\t<\/div>\n\t\t\t\t\t<\/div>\n\t\t\t\t<\/div>\n\t\t\t\t\t<\/div>\n\t\t\t\t<\/div>\n\t\t<div class=\"elementor-element elementor-element-a8d4a38 e-flex e-con-boxed e-con e-parent\" data-id=\"a8d4a38\" data-element_type=\"container\" data-e-type=\"container\">\n\t\t\t\t\t<div class=\"e-con-inner\">\n\t\t<div class=\"elementor-element elementor-element-f035f09 e-flex e-con-boxed e-con e-child\" data-id=\"f035f09\" data-element_type=\"container\" data-e-type=\"container\">\n\t\t\t\t\t<div class=\"e-con-inner\">\n\t\t\t\t<div class=\"elementor-element elementor-element-41723a1 elementor-widget elementor-widget-heading\" data-id=\"41723a1\" data-element_type=\"widget\" data-e-type=\"widget\" data-widget_type=\"heading.default\">\n\t\t\t\t<div class=\"elementor-widget-container\">\n\t\t\t\t\t<h2 class=\"elementor-heading-title elementor-size-default\">Cadastrar vaga de emprego<\/h2>\t\t\t\t<\/div>\n\t\t\t\t<\/div>\n\t\t\t\t\t<\/div>\n\t\t\t\t<\/div>\n\t\t\t\t\t<\/div>\n\t\t\t\t<\/div>\n\t\t<div class=\"elementor-element elementor-element-da5ac7c e-flex e-con-boxed e-con e-parent\" data-id=\"da5ac7c\" data-element_type=\"container\" data-e-type=\"container\">\n\t\t\t\t\t<div class=\"e-con-inner\">\n\t\t<div class=\"elementor-element elementor-element-10f2ee4 e-con-full e-flex e-con e-child\" data-id=\"10f2ee4\" data-element_type=\"container\" data-e-type=\"container\">\n\t\t<div class=\"elementor-element elementor-element-57988ed e-flex e-con-boxed e-con e-child\" data-id=\"57988ed\" data-element_type=\"container\" data-e-type=\"container\">\n\t\t\t\t\t<div class=\"e-con-inner\">\n\t\t\t\t<div class=\"elementor-element elementor-element-1f87a92 elementor-widget elementor-widget-shortcode\" data-id=\"1f87a92\" data-element_type=\"widget\" data-e-type=\"widget\" data-widget_type=\"shortcode.default\">\n\t\t\t\t<div class=\"elementor-widget-container\">\n\t\t\t\t\t\t\t<div class=\"elementor-shortcode\"><div class=\"forminator-ui forminator-custom-form forminator-custom-form-3287 forminator-design--flat  forminator_ajax\" data-forminator-render=\"0\" data-form=\"forminator-module-3287\" data-uid=\"69f9ebf3a0964\"><br\/><\/div><form\n\t\t\t\tid=\"forminator-module-3287\"\n\t\t\t\tclass=\"forminator-ui forminator-custom-form forminator-custom-form-3287 forminator-design--flat  forminator_ajax\"\n\t\t\t\tmethod=\"post\"\n\t\t\t\tdata-forminator-render=\"0\"\n\t\t\t\tdata-form-id=\"3287\"\n\t\t\t\t\n\t\t\t\tdata-design=\"flat\"\n\t\t\t\tdata-color-option=\"default\"\n\t\t\t\t\n\t\t\t\t\n\t\t\t\t\n\t\t\t\tdata-grid=\"open\"\n\t\t\t\tenctype=\"multipart\/form-data\"\n\t\t\t\t\n\t\t\t\tstyle=\"display: none;\"\n\t\t\t\t\n\t\t\t\tdata-uid=\"69f9ebf3a0964\"\n\t\t\t><div role=\"alert\" aria-live=\"polite\" class=\"forminator-response-message forminator-error\" aria-hidden=\"true\"><\/div><div class=\"forminator-row\"><div id=\"name-1\" class=\"forminator-field-name forminator-col forminator-col-12 \"><div class=\"forminator-field\"><label for=\"forminator-field-name-1_69f9ebf3a0964\" id=\"forminator-field-name-1_69f9ebf3a0964-label\" class=\"forminator-label\">T\u00edtulo da vaga<\/label><input type=\"text\" name=\"name-1\" value=\"\" placeholder=\"Digite aqui o t\u00edtulo da vaga\" id=\"forminator-field-name-1_69f9ebf3a0964\" class=\"forminator-input forminator-name--field\" aria-required=\"false\" \/><\/div><\/div><\/div><div class=\"forminator-row\"><div id=\"name-2\" class=\"forminator-field-name forminator-col forminator-col-12 \"><div class=\"forminator-field\"><label for=\"forminator-field-name-2_69f9ebf3a0964\" id=\"forminator-field-name-2_69f9ebf3a0964-label\" class=\"forminator-label\">Localiza\u00e7\u00e3o<\/label><input type=\"text\" name=\"name-2\" value=\"\" placeholder=\"Ex: Itaja\u00ed\" id=\"forminator-field-name-2_69f9ebf3a0964\" class=\"forminator-input forminator-name--field\" aria-required=\"false\" \/><\/div><\/div><\/div><div class=\"forminator-row\"><div id=\"select-1\" class=\"forminator-field-select forminator-col forminator-col-12 \"><div class=\"forminator-field\"><label for=\"forminator-form-3287__field--select-1_69f9ebf3a0964\" id=\"forminator-form-3287__field--select-1_69f9ebf3a0964-label\" class=\"forminator-label\">Tipo de vaga<\/label><select  id=\"forminator-form-3287__field--select-1_69f9ebf3a0964\" class=\"forminator-select--field forminator-select2 forminator-select2-multiple\" data-required=\"\" name=\"select-1\" data-default-value=\"\" data-placeholder=\"\" data-search=\"false\" data-search-placeholder=\"\" data-checkbox=\"false\" data-allow-clear=\"false\" aria-labelledby=\"forminator-form-3287__field--select-1_69f9ebf3a0964-label\"><option value=\"Est\u00e1gio\"  data-calculation=\"0\">Est\u00e1gio<\/option><option value=\"Freelance\"  data-calculation=\"0\">Freelance<\/option><option value=\"two\"  data-calculation=\"0\">Parcial<\/option><option value=\"Tempor\u00e1rio\"  data-calculation=\"0\">Tempor\u00e1rio<\/option><option value=\"one\"  data-calculation=\"0\">Tempo integral<\/option><\/select><\/div><\/div><\/div><div class=\"forminator-row\"><div id=\"textarea-1\" class=\"forminator-field-textarea forminator-col forminator-col-12 \"><div class=\"forminator-field\"><label for=\"forminator-field-textarea-1_69f9ebf3a0964\" id=\"forminator-field-textarea-1_69f9ebf3a0964-label\" class=\"forminator-label\">Descri\u00e7\u00e3o<\/label><textarea name=\"textarea-1\" placeholder=\"Descreva as caracter\u00edsticas da vaga\" id=\"forminator-field-textarea-1_69f9ebf3a0964\" class=\"forminator-textarea\" rows=\"6\" style=\"min-height:140px;\" ><\/textarea><\/div><\/div><\/div><div class=\"forminator-row\"><div id=\"email-1\" class=\"forminator-field-email forminator-col forminator-col-12 \"><div class=\"forminator-field\"><label for=\"forminator-field-email-1_69f9ebf3a0964\" id=\"forminator-field-email-1_69f9ebf3a0964-label\" class=\"forminator-label\">Endere\u00e7o de E-mail<\/label><input type=\"email\" name=\"email-1\" value=\"\" placeholder=\"E.x. john@doe.com\" id=\"forminator-field-email-1_69f9ebf3a0964\" class=\"forminator-input forminator-email--field\" data-required=\"\" aria-required=\"false\" \/><\/div><\/div><\/div><div class=\"forminator-row\"><div id=\"upload-1\" class=\"forminator-field-upload forminator-col forminator-col-12 \"><div class=\"forminator-field\"><label for=\"forminator-field-upload-1_69f9ebf3a0964\" id=\"forminator-field-upload-1_69f9ebf3a0964-label\" class=\"forminator-label\">Enviar arquivo<\/label><div class=\"forminator-file-upload \" data-element=\"upload-1_69f9ebf3a0964\"><input type=\"file\" name=\"upload-1\" id=\"forminator-field-upload-1_69f9ebf3a0964\" class=\"forminator-input-file\" accept=\".jpg,.jpeg,.jpe,.gif,.png,.bmp,.tiff,.tif,.tif,.tiff,.webp,.ico,.heic,.asf,.asx,.wmv,.wmx,.wm,.avi,.divx,.flv,.mov,.qt,.mpeg,.mpg,.mpe,.mp4,.m4v,.ogv,.webm,.mkv,.3gp,.3gpp,.3g2,.3gp2,.txt,.asc,.c,.cc,.h,.srt,.csv,.tsv,.ics,.rtx,.vtt,.mp3,.m4a,.m4b,.aac,.ra,.ram,.wav,.ogg,.oga,.flac,.mid,.midi,.wma,.wax,.mka,.rtf,.pdf,.class,.tar,.zip,.gz,.gzip,.7z,.psd,.xcf,.doc,.pot,.pps,.ppt,.pps,.ppt,.wri,.xla,.xls,.xlt,.xlw,.xls,.mdb,.mpp,.docx,.docm,.dotx,.dotm,.xlsx,.xlsm,.xlsb,.xltx,.xltm,.xlam,.pptx,.pptm,.ppsx,.ppsm,.potx,.potm,.ppam,.sldx,.sldm,.onetoc,.onetoc2,.onetmp,.onepkg,.oxps,.xps,.odt,.odp,.ods,.odg,.odc,.odb,.odf,.wp,.wpd,.key,.numbers,.pages,.json,.ai,.eps,.ps,.dxf,.otf,.ttf,.eot,.woff,.woff2,.redux\" tabindex=\"-1\"><button id=\"forminator-field-upload-1_69f9ebf3a0964_button\" class=\"forminator-button forminator-button-upload\" data-id=\"forminator-field-upload-1_69f9ebf3a0964\">Choose File<\/button><span data-empty-text=\"No file chosen\">No file chosen<\/span><button class=\"forminator-button-delete\" style=\"display: none;\"><i class=\"forminator-icon-close\" aria-hidden=\"true\"><\/i><span class=\"forminator-screen-reader-only\">Delete uploaded file<\/span><\/button><\/div><\/div><\/div><\/div><input type=\"hidden\" name=\"referer_url\" value=\"\" \/><div class=\"forminator-row forminator-row-last\"><div class=\"forminator-col\"><div class=\"forminator-field\"><button class=\"forminator-button forminator-button-submit\">Enviar mensagem<\/button><\/div><\/div><\/div><input type=\"hidden\" id=\"forminator_nonce\" name=\"forminator_nonce\" value=\"50c7428255\" \/><input type=\"hidden\" name=\"_wp_http_referer\" value=\"\/index.php?rest_route=%2Fwp%2Fv2%2Fpages%2F3300\" \/><input type=\"hidden\" name=\"form_id\" value=\"3287\"><input type=\"hidden\" name=\"page_id\" value=\"4992\"><input type=\"hidden\" name=\"form_type\" value=\"default\"><input type=\"hidden\" name=\"current_url\" value=\"https:\/\/sindilojasbrusque.com.br\/?p=4992\"><input type=\"hidden\" name=\"render_id\" value=\"0\"><input type=\"hidden\" name=\"action\" value=\"forminator_submit_form_custom-forms\"><\/form><\/div>\n\t\t\t\t\t\t<\/div>\n\t\t\t\t<\/div>\n\t\t\t\t\t<\/div>\n\t\t\t\t<\/div>\n\t\t\t\t<\/div>\n\t\t<div class=\"elementor-element elementor-element-bcc48ce e-con-full e-flex e-con e-child\" data-id=\"bcc48ce\" data-element_type=\"container\" data-e-type=\"container\">\n\t\t<div class=\"elementor-element elementor-element-32f4ea9 e-flex e-con-boxed e-con e-child\" data-id=\"32f4ea9\" data-element_type=\"container\" data-e-type=\"container\">\n\t\t\t\t\t<div class=\"e-con-inner\">\n\t\t\t\t\t<\/div>\n\t\t\t\t<\/div>\n\t\t\t\t<\/div>\n\t\t\t\t\t<\/div>\n\t\t\t\t<\/div>\n\t\t\t\t<\/div>\n\t\t","protected":false},"excerpt":{"rendered":"<p>Pesquise no campo de busca pela \u00e1rea de interesse, ap\u00f3s \u00e9 poss\u00edvel realizar o download do curr\u00edculo clicando em cima do link ao final dos dados de cada candidato. Not\u00edcias para os associados Conven\u00e7\u00f5es Coletiva\u200bs Banco de vagas Cadastrar vaga de emprego<\/p>\n","protected":false},"author":1,"featured_media":0,"parent":0,"menu_order":0,"comment_status":"closed","ping_status":"closed","template":"","meta":{"footnotes":""},"class_list":["post-3300","page","type-page","status-publish","hentry","has-post-thumbnail"],"_links":{"self":[{"href":"https:\/\/sindilojasbrusque.com.br\/index.php?rest_route=\/wp\/v2\/pages\/3300","targetHints":{"allow":["GET"]}}],"collection":[{"href":"https:\/\/sindilojasbrusque.com.br\/index.php?rest_route=\/wp\/v2\/pages"}],"about":[{"href":"https:\/\/sindilojasbrusque.com.br\/index.php?rest_route=\/wp\/v2\/types\/page"}],"author":[{"embeddable":true,"href":"https:\/\/sindilojasbrusque.com.br\/index.php?rest_route=\/wp\/v2\/users\/1"}],"replies":[{"embeddable":true,"href":"https:\/\/sindilojasbrusque.com.br\/index.php?rest_route=%2Fwp%2Fv2%2Fcomments&post=3300"}],"version-history":[{"count":32,"href":"https:\/\/sindilojasbrusque.com.br\/index.php?rest_route=\/wp\/v2\/pages\/3300\/revisions"}],"predecessor-version":[{"id":4576,"href":"https:\/\/sindilojasbrusque.com.br\/index.php?rest_route=\/wp\/v2\/pages\/3300\/revisions\/4576"}],"wp:attachment":[{"href":"https:\/\/sindilojasbrusque.com.br\/index.php?rest_route=%2Fwp%2Fv2%2Fmedia&parent=3300"}],"curies":[{"name":"wp","href":"https:\/\/api.w.org\/{rel}","templated":true}]}}