{"id":3275,"date":"2023-08-11T14:57:51","date_gmt":"2023-08-11T17:57:51","guid":{"rendered":"https:\/\/sindilojasbrusque.com.br?page_id=3275"},"modified":"2023-08-15T00:36:07","modified_gmt":"2023-08-15T03:36:07","slug":"bancodevagas","status":"publish","type":"page","link":"https:\/\/sindilojasbrusque.com.br\/?page_id=3275","title":{"rendered":"Banco de Vagas"},"content":{"rendered":"\t\t<div data-elementor-type=\"wp-page\" data-elementor-id=\"3275\" class=\"elementor elementor-3275\" data-elementor-post-type=\"page\">\n\t\t\t\t<div class=\"elementor-element elementor-element-544fb00 e-flex e-con-boxed e-con e-parent\" data-id=\"544fb00\" data-element_type=\"container\" data-e-type=\"container\">\n\t\t\t\t\t<div class=\"e-con-inner\">\n\t\t<div class=\"elementor-element elementor-element-f57964e e-flex e-con-boxed e-con e-child\" data-id=\"f57964e\" data-element_type=\"container\" data-e-type=\"container\">\n\t\t\t\t\t<div class=\"e-con-inner\">\n\t\t\t\t<div class=\"elementor-element elementor-element-22d94f4 elementor-widget elementor-widget-heading\" data-id=\"22d94f4\" data-element_type=\"widget\" data-e-type=\"widget\" data-widget_type=\"heading.default\">\n\t\t\t\t<div class=\"elementor-widget-container\">\n\t\t\t\t\t<h2 class=\"elementor-heading-title elementor-size-default\"><h1 style=\"font-size: 30px;margin-top: 20px;margin-bottom: 20px;font-family: Livvic, sans-serif;line-height: 1.2\">SINDICATO DO COM\u00c9RCIO DE BRUSQUE<\/h1><\/h2>\t\t\t\t<\/div>\n\t\t\t\t<\/div>\n\t\t\t\t\t<\/div>\n\t\t\t\t<\/div>\n\t\t\t\t\t<\/div>\n\t\t\t\t<\/div>\n\t\t<div class=\"elementor-element elementor-element-60ec682 e-flex e-con-boxed e-con e-parent\" data-id=\"60ec682\" data-element_type=\"container\" data-e-type=\"container\">\n\t\t\t\t\t<div class=\"e-con-inner\">\n\t\t<div class=\"elementor-element elementor-element-a0ba5e7 e-flex e-con-boxed e-con e-child\" data-id=\"a0ba5e7\" data-element_type=\"container\" data-e-type=\"container\">\n\t\t\t\t\t<div class=\"e-con-inner\">\n\t\t\t\t<div class=\"elementor-element elementor-element-821794a elementor-widget elementor-widget-heading\" data-id=\"821794a\" data-element_type=\"widget\" data-e-type=\"widget\" data-widget_type=\"heading.default\">\n\t\t\t\t<div class=\"elementor-widget-container\">\n\t\t\t\t\t<h2 class=\"elementor-heading-title elementor-size-default\"><h2 style=\"font-family: Livvic, sans-serif;line-height: 1.2;font-size: 26px;margin-top: 10px;margin-bottom: 10px\">Cadastre seu curr\u00edculo.<\/h2><\/h2>\t\t\t\t<\/div>\n\t\t\t\t<\/div>\n\t\t\t\t\t<\/div>\n\t\t\t\t<\/div>\n\t\t\t\t\t<\/div>\n\t\t\t\t<\/div>\n\t\t<div class=\"elementor-element elementor-element-25578d3 e-flex e-con-boxed e-con e-parent\" data-id=\"25578d3\" data-element_type=\"container\" data-e-type=\"container\">\n\t\t\t\t\t<div class=\"e-con-inner\">\n\t\t<div class=\"elementor-element elementor-element-64c65b5 e-flex e-con-boxed e-con e-child\" data-id=\"64c65b5\" data-element_type=\"container\" data-e-type=\"container\">\n\t\t\t\t\t<div class=\"e-con-inner\">\n\t\t\t\t<div class=\"elementor-element elementor-element-dca3db4 elementor-widget elementor-widget-text-editor\" data-id=\"dca3db4\" data-element_type=\"widget\" data-e-type=\"widget\" data-widget_type=\"text-editor.default\">\n\t\t\t\t<div class=\"elementor-widget-container\">\n\t\t\t\t\t\t\t\t\t<p>Um portal para profissionais de todas as \u00e1reas. As empresas querem te encontrar! N\u00e3o perca mais tempo!<\/p>\t\t\t\t\t\t\t\t<\/div>\n\t\t\t\t<\/div>\n\t\t\t\t\t<\/div>\n\t\t\t\t<\/div>\n\t\t\t\t\t<\/div>\n\t\t\t\t<\/div>\n\t\t<div class=\"elementor-element elementor-element-b34f0c5 e-flex e-con-boxed e-con e-parent\" data-id=\"b34f0c5\" data-element_type=\"container\" data-e-type=\"container\">\n\t\t\t\t\t<div class=\"e-con-inner\">\n\t\t\t\t<div class=\"elementor-element elementor-element-b1120b1 elementor-align-center elementor-widget elementor-widget-button\" data-id=\"b1120b1\" data-element_type=\"widget\" data-e-type=\"widget\" data-widget_type=\"button.default\">\n\t\t\t\t<div class=\"elementor-widget-container\">\n\t\t\t\t\t\t\t\t\t<div class=\"elementor-button-wrapper\">\n\t\t\t\t\t<a class=\"elementor-button elementor-button-link elementor-size-sm\" href=\"https:\/\/sindilojasbrusque.com.br\/?page_id=3280\">\n\t\t\t\t\t\t<span class=\"elementor-button-content-wrapper\">\n\t\t\t\t\t\t\t\t\t<span class=\"elementor-button-text\">CADASTRE-SE<\/span>\n\t\t\t\t\t<\/span>\n\t\t\t\t\t<\/a>\n\t\t\t\t<\/div>\n\t\t\t\t\t\t\t\t<\/div>\n\t\t\t\t<\/div>\n\t\t\t\t\t<\/div>\n\t\t\t\t<\/div>\n\t\t\t\t<\/div>\n\t\t","protected":false},"excerpt":{"rendered":"<p>SINDICATO DO COM\u00c9RCIO DE BRUSQUE Cadastre seu curr\u00edculo. Um portal para profissionais de todas as \u00e1reas. As empresas querem te encontrar! N\u00e3o perca mais tempo! CADASTRE-SE<\/p>\n","protected":false},"author":1,"featured_media":0,"parent":0,"menu_order":0,"comment_status":"closed","ping_status":"closed","template":"","meta":{"footnotes":""},"class_list":["post-3275","page","type-page","status-publish","hentry"],"_links":{"self":[{"href":"https:\/\/sindilojasbrusque.com.br\/index.php?rest_route=\/wp\/v2\/pages\/3275","targetHints":{"allow":["GET"]}}],"collection":[{"href":"https:\/\/sindilojasbrusque.com.br\/index.php?rest_route=\/wp\/v2\/pages"}],"about":[{"href":"https:\/\/sindilojasbrusque.com.br\/index.php?rest_route=\/wp\/v2\/types\/page"}],"author":[{"embeddable":true,"href":"https:\/\/sindilojasbrusque.com.br\/index.php?rest_route=\/wp\/v2\/users\/1"}],"replies":[{"embeddable":true,"href":"https:\/\/sindilojasbrusque.com.br\/index.php?rest_route=%2Fwp%2Fv2%2Fcomments&post=3275"}],"version-history":[{"count":20,"href":"https:\/\/sindilojasbrusque.com.br\/index.php?rest_route=\/wp\/v2\/pages\/3275\/revisions"}],"predecessor-version":[{"id":3373,"href":"https:\/\/sindilojasbrusque.com.br\/index.php?rest_route=\/wp\/v2\/pages\/3275\/revisions\/3373"}],"wp:attachment":[{"href":"https:\/\/sindilojasbrusque.com.br\/index.php?rest_route=%2Fwp%2Fv2%2Fmedia&parent=3275"}],"curies":[{"name":"wp","href":"https:\/\/api.w.org\/{rel}","templated":true}]}}