{"id":3017,"date":"2022-02-15T20:54:26","date_gmt":"2022-02-15T23:54:26","guid":{"rendered":"https:\/\/tishonator.com\/themepreview6\/tishbusiness\/?page_id=5"},"modified":"2023-10-19T20:36:00","modified_gmt":"2023-10-19T23:36:00","slug":"home","status":"publish","type":"page","link":"https:\/\/sindilojasbrusque.com.br\/","title":{"rendered":"Home"},"content":{"rendered":"\t\t<div data-elementor-type=\"wp-page\" data-elementor-id=\"3017\" class=\"elementor elementor-3017\" data-elementor-post-type=\"page\">\n\t\t\t\t<div class=\"elementor-element elementor-element-7b3e610 e-flex e-con-boxed e-con e-parent\" data-id=\"7b3e610\" data-element_type=\"container\" data-e-type=\"container\">\n\t\t\t\t\t<div class=\"e-con-inner\">\n\t\t<div class=\"elementor-element elementor-element-43e3303 e-flex e-con-boxed e-con e-child\" data-id=\"43e3303\" data-element_type=\"container\" data-e-type=\"container\">\n\t\t\t\t\t<div class=\"e-con-inner\">\n\t\t\t\t<div class=\"elementor-element elementor-element-704b627 elementor-widget elementor-widget-text-editor\" data-id=\"704b627\" data-element_type=\"widget\" data-e-type=\"widget\" data-widget_type=\"text-editor.default\">\n\t\t\t\t<div class=\"elementor-widget-container\">\n\t\t\t\t\t\t\t\t\t<p>O\u00a0<strong>SINDILOJAS<\/strong>\u00a0\u00e9 uma entidade classista patronal do com\u00e9rcio varejista e atacadista de Brusque, Botuver\u00e1 e\u00a0Guabiruba.<br \/>Esta entidade tem como objetivo primordial defender os interesses das empresas do segmento que representa, principalmente no que se refere ao \u00e2mbito legal e de assist\u00eancia ao empres\u00e1rio.<\/p>\t\t\t\t\t\t\t\t<\/div>\n\t\t\t\t<\/div>\n\t\t\t\t\t<\/div>\n\t\t\t\t<\/div>\n\t\t\t\t\t<\/div>\n\t\t\t\t<\/div>\n\t\t<div class=\"elementor-element elementor-element-fc0fc9b e-flex e-con-boxed e-con e-parent\" data-id=\"fc0fc9b\" data-element_type=\"container\" data-e-type=\"container\">\n\t\t\t\t\t<div class=\"e-con-inner\">\n\t\t<div class=\"elementor-element elementor-element-b905f92 e-flex e-con-boxed e-con e-child\" data-id=\"b905f92\" data-element_type=\"container\" data-e-type=\"container\">\n\t\t\t\t\t<div class=\"e-con-inner\">\n\t\t\t\t<div class=\"elementor-element elementor-element-31837f1 elementor-widget elementor-widget-heading\" data-id=\"31837f1\" data-element_type=\"widget\" data-e-type=\"widget\" data-widget_type=\"heading.default\">\n\t\t\t\t<div class=\"elementor-widget-container\">\n\t\t\t\t\t<h2 class=\"elementor-heading-title elementor-size-default\">\u00daltimas Not\u00edcias<\/h2>\t\t\t\t<\/div>\n\t\t\t\t<\/div>\n\t\t\t\t\t<\/div>\n\t\t\t\t<\/div>\n\t\t\t\t\t<\/div>\n\t\t\t\t<\/div>\n\t\t<div class=\"elementor-element elementor-element-c8fe341 e-con-full e-flex e-con e-parent\" data-id=\"c8fe341\" data-element_type=\"container\" data-e-type=\"container\">\n\t\t<div class=\"elementor-element elementor-element-d40c19f e-flex e-con-boxed e-con e-child\" data-id=\"d40c19f\" data-element_type=\"container\" data-e-type=\"container\">\n\t\t\t\t\t<div class=\"e-con-inner\">\n\t\t\t\t<div class=\"elementor-element elementor-element-ebc3e62 elementor-posts--align-left elementor-grid-3 elementor-grid-tablet-2 elementor-grid-mobile-1 elementor-posts--thumbnail-top elementor-widget elementor-widget-posts\" data-id=\"ebc3e62\" data-element_type=\"widget\" data-e-type=\"widget\" data-settings=\"{&quot;classic_row_gap&quot;:{&quot;unit&quot;:&quot;px&quot;,&quot;size&quot;:27,&quot;sizes&quot;:[]},&quot;classic_columns&quot;:&quot;3&quot;,&quot;classic_columns_tablet&quot;:&quot;2&quot;,&quot;classic_columns_mobile&quot;:&quot;1&quot;,&quot;classic_row_gap_tablet&quot;:{&quot;unit&quot;:&quot;px&quot;,&quot;size&quot;:&quot;&quot;,&quot;sizes&quot;:[]},&quot;classic_row_gap_mobile&quot;:{&quot;unit&quot;:&quot;px&quot;,&quot;size&quot;:&quot;&quot;,&quot;sizes&quot;:[]}}\" data-widget_type=\"posts.classic\">\n\t\t\t\t<div class=\"elementor-widget-container\">\n\t\t\t\t\t\t\t<div class=\"elementor-posts-container elementor-posts elementor-posts--skin-classic elementor-grid\" role=\"list\">\n\t\t\t\t<article class=\"elementor-post elementor-grid-item post-4992 post type-post status-publish format-standard has-post-thumbnail hentry category-geral\" role=\"listitem\">\n\t\t\t\t<a class=\"elementor-post__thumbnail__link\" href=\"https:\/\/sindilojasbrusque.com.br\/?p=4992\" tabindex=\"-1\" >\n\t\t\t<div class=\"elementor-post__thumbnail\"><img fetchpriority=\"high\" decoding=\"async\" width=\"300\" height=\"169\" src=\"https:\/\/sindilojasbrusque.com.br\/wp-content\/uploads\/2026\/04\/Sindilojjas-2-300x169.jpeg\" class=\"attachment-medium size-medium wp-image-4996\" alt=\"\" srcset=\"https:\/\/sindilojasbrusque.com.br\/wp-content\/uploads\/2026\/04\/Sindilojjas-2-300x169.jpeg 300w, https:\/\/sindilojasbrusque.com.br\/wp-content\/uploads\/2026\/04\/Sindilojjas-2-1024x576.jpeg 1024w, https:\/\/sindilojasbrusque.com.br\/wp-content\/uploads\/2026\/04\/Sindilojjas-2-768x432.jpeg 768w, https:\/\/sindilojasbrusque.com.br\/wp-content\/uploads\/2026\/04\/Sindilojjas-2-1536x864.jpeg 1536w, https:\/\/sindilojasbrusque.com.br\/wp-content\/uploads\/2026\/04\/Sindilojjas-2.jpeg 1600w\" sizes=\"(max-width: 300px) 100vw, 300px\" \/><\/div>\n\t\t<\/a>\n\t\t\t\t<div class=\"elementor-post__text\">\n\t\t\t\t<h2 class=\"elementor-post__title\">\n\t\t\t<a href=\"https:\/\/sindilojasbrusque.com.br\/?p=4992\" >\n\t\t\t\tConcurso de Vitrines de P\u00e1scoa 2026 premia lojas e destaca criatividade do com\u00e9rcio regional\t\t\t<\/a>\n\t\t<\/h2>\n\t\t\t\t<div class=\"elementor-post__excerpt\">\n\t\t\t<p>O Sindicato do Com\u00e9rcio Varejista e Atacadista de Brusque, Botuver\u00e1 e Guabiruba (Sindilojas) anunciou, na manh\u00e3 desta quinta-feira, 16 de abril, as vencedoras da 3\u00aa<\/p>\n\t\t<\/div>\n\t\t\t\t\t<div class=\"elementor-post__read-more-wrapper\">\n\t\t\n\t\t<a class=\"elementor-post__read-more\" href=\"https:\/\/sindilojasbrusque.com.br\/?p=4992\" aria-label=\"Read more about Concurso de Vitrines de P\u00e1scoa 2026 premia lojas e destaca criatividade do com\u00e9rcio regional\" tabindex=\"-1\" >\n\t\t\tLeia mais \u00bb\t\t<\/a>\n\n\t\t\t\t\t<\/div>\n\t\t\t\t<\/div>\n\t\t\t\t<\/article>\n\t\t\t\t<article class=\"elementor-post elementor-grid-item post-4977 post type-post status-publish format-standard has-post-thumbnail hentry category-geral\" role=\"listitem\">\n\t\t\t\t<a class=\"elementor-post__thumbnail__link\" href=\"https:\/\/sindilojasbrusque.com.br\/?p=4977\" tabindex=\"-1\" >\n\t\t\t<div class=\"elementor-post__thumbnail\"><img decoding=\"async\" width=\"300\" height=\"200\" src=\"https:\/\/sindilojasbrusque.com.br\/wp-content\/uploads\/2026\/03\/encontro-da-mulher-10-300x200.jpg\" class=\"attachment-medium size-medium wp-image-4987\" alt=\"\" srcset=\"https:\/\/sindilojasbrusque.com.br\/wp-content\/uploads\/2026\/03\/encontro-da-mulher-10-300x200.jpg 300w, https:\/\/sindilojasbrusque.com.br\/wp-content\/uploads\/2026\/03\/encontro-da-mulher-10-1024x683.jpg 1024w, https:\/\/sindilojasbrusque.com.br\/wp-content\/uploads\/2026\/03\/encontro-da-mulher-10-768x512.jpg 768w, https:\/\/sindilojasbrusque.com.br\/wp-content\/uploads\/2026\/03\/encontro-da-mulher-10-1536x1024.jpg 1536w, https:\/\/sindilojasbrusque.com.br\/wp-content\/uploads\/2026\/03\/encontro-da-mulher-10-2048x1365.jpg 2048w\" sizes=\"(max-width: 300px) 100vw, 300px\" \/><\/div>\n\t\t<\/a>\n\t\t\t\t<div class=\"elementor-post__text\">\n\t\t\t\t<h2 class=\"elementor-post__title\">\n\t\t\t<a href=\"https:\/\/sindilojasbrusque.com.br\/?p=4977\" >\n\t\t\t\tNoite de inspira\u00e7\u00e3o e conex\u00e3o marca o Encontro da Mulher em Brusque\t\t\t<\/a>\n\t\t<\/h2>\n\t\t\t\t<div class=\"elementor-post__excerpt\">\n\t\t\t<p>Promovido em parceria entre o Sindicato dos Empregados no Com\u00e9rcio e o Sindilojas, evento reuniu cerca de 200 mulheres no Teatro do Centro Empresarial com<\/p>\n\t\t<\/div>\n\t\t\t\t\t<div class=\"elementor-post__read-more-wrapper\">\n\t\t\n\t\t<a class=\"elementor-post__read-more\" href=\"https:\/\/sindilojasbrusque.com.br\/?p=4977\" aria-label=\"Read more about Noite de inspira\u00e7\u00e3o e conex\u00e3o marca o Encontro da Mulher em Brusque\" tabindex=\"-1\" >\n\t\t\tLeia mais \u00bb\t\t<\/a>\n\n\t\t\t\t\t<\/div>\n\t\t\t\t<\/div>\n\t\t\t\t<\/article>\n\t\t\t\t<article class=\"elementor-post elementor-grid-item post-4966 post type-post status-publish format-standard has-post-thumbnail hentry category-geral\" role=\"listitem\">\n\t\t\t\t<a class=\"elementor-post__thumbnail__link\" href=\"https:\/\/sindilojasbrusque.com.br\/?p=4966\" tabindex=\"-1\" >\n\t\t\t<div class=\"elementor-post__thumbnail\"><img decoding=\"async\" width=\"300\" height=\"200\" src=\"https:\/\/sindilojasbrusque.com.br\/wp-content\/uploads\/2026\/02\/Sindilojas-Brusque-1-300x200.jpg\" class=\"attachment-medium size-medium wp-image-4967\" alt=\"\" srcset=\"https:\/\/sindilojasbrusque.com.br\/wp-content\/uploads\/2026\/02\/Sindilojas-Brusque-1-300x200.jpg 300w, https:\/\/sindilojasbrusque.com.br\/wp-content\/uploads\/2026\/02\/Sindilojas-Brusque-1-1024x681.jpg 1024w, https:\/\/sindilojasbrusque.com.br\/wp-content\/uploads\/2026\/02\/Sindilojas-Brusque-1-768x511.jpg 768w, https:\/\/sindilojasbrusque.com.br\/wp-content\/uploads\/2026\/02\/Sindilojas-Brusque-1-1536x1022.jpg 1536w, https:\/\/sindilojasbrusque.com.br\/wp-content\/uploads\/2026\/02\/Sindilojas-Brusque-1-2048x1363.jpg 2048w\" sizes=\"(max-width: 300px) 100vw, 300px\" \/><\/div>\n\t\t<\/a>\n\t\t\t\t<div class=\"elementor-post__text\">\n\t\t\t\t<h2 class=\"elementor-post__title\">\n\t\t\t<a href=\"https:\/\/sindilojasbrusque.com.br\/?p=4966\" >\n\t\t\t\tFernando Walendowsky assume presid\u00eancia do Sindilojas e inicia novo ciclo \u00e0 frente da entidade\t\t\t<\/a>\n\t\t<\/h2>\n\t\t\t\t<div class=\"elementor-post__excerpt\">\n\t\t\t<p>Cerim\u00f4nia de posse da nova Diretoria e Conselhos marcou a transi\u00e7\u00e3o da presid\u00eancia, reconheceu o legado constru\u00eddo por Marcelo Gevaerd e apresentou os compromissos da<\/p>\n\t\t<\/div>\n\t\t\t\t\t<div class=\"elementor-post__read-more-wrapper\">\n\t\t\n\t\t<a class=\"elementor-post__read-more\" href=\"https:\/\/sindilojasbrusque.com.br\/?p=4966\" aria-label=\"Read more about Fernando Walendowsky assume presid\u00eancia do Sindilojas e inicia novo ciclo \u00e0 frente da entidade\" tabindex=\"-1\" >\n\t\t\tLeia mais \u00bb\t\t<\/a>\n\n\t\t\t\t\t<\/div>\n\t\t\t\t<\/div>\n\t\t\t\t<\/article>\n\t\t\t\t<\/div>\n\t\t\n\t\t\t\t\t\t<\/div>\n\t\t\t\t<\/div>\n\t\t\t\t\t<\/div>\n\t\t\t\t<\/div>\n\t\t\t\t<\/div>\n\t\t<div class=\"elementor-element elementor-element-0640143 e-flex e-con-boxed e-con e-parent\" data-id=\"0640143\" data-element_type=\"container\" data-e-type=\"container\">\n\t\t\t\t\t<div class=\"e-con-inner\">\n\t\t<div class=\"elementor-element elementor-element-889ede0 e-flex e-con-boxed e-con e-child\" data-id=\"889ede0\" data-element_type=\"container\" data-e-type=\"container\">\n\t\t\t\t\t<div class=\"e-con-inner\">\n\t\t\t\t<div class=\"elementor-element elementor-element-e9b746f elementor-widget elementor-widget-heading\" data-id=\"e9b746f\" data-element_type=\"widget\" data-e-type=\"widget\" data-widget_type=\"heading.default\">\n\t\t\t\t<div class=\"elementor-widget-container\">\n\t\t\t\t\t<h2 class=\"elementor-heading-title elementor-size-default\">Servi\u00e7os<\/h2>\t\t\t\t<\/div>\n\t\t\t\t<\/div>\n\t\t\t\t\t<\/div>\n\t\t\t\t<\/div>\n\t\t\t\t\t<\/div>\n\t\t\t\t<\/div>\n\t\t<div class=\"elementor-element elementor-element-681c98c e-con-full e-flex e-con e-parent\" data-id=\"681c98c\" data-element_type=\"container\" data-e-type=\"container\">\n\t\t<div class=\"elementor-element elementor-element-4f61d57 e-con-full e-flex e-con e-child\" data-id=\"4f61d57\" data-element_type=\"container\" data-e-type=\"container\">\n\t\t\t\t<div class=\"elementor-element elementor-element-cbad8d8 elementor-position-top elementor-widget elementor-widget-image-box\" data-id=\"cbad8d8\" data-element_type=\"widget\" data-e-type=\"widget\" data-widget_type=\"image-box.default\">\n\t\t\t\t<div class=\"elementor-widget-container\">\n\t\t\t\t\t<div class=\"elementor-image-box-wrapper\"><figure class=\"elementor-image-box-img\"><img loading=\"lazy\" decoding=\"async\" width=\"1080\" height=\"1080\" src=\"https:\/\/sindilojasbrusque.com.br\/wp-content\/uploads\/2023\/08\/Design-sem-nome-2023-08-03T010139.794.png\" class=\"attachment-full size-full wp-image-3234\" alt=\"\" srcset=\"https:\/\/sindilojasbrusque.com.br\/wp-content\/uploads\/2023\/08\/Design-sem-nome-2023-08-03T010139.794.png 1080w, https:\/\/sindilojasbrusque.com.br\/wp-content\/uploads\/2023\/08\/Design-sem-nome-2023-08-03T010139.794-300x300.png 300w, https:\/\/sindilojasbrusque.com.br\/wp-content\/uploads\/2023\/08\/Design-sem-nome-2023-08-03T010139.794-1024x1024.png 1024w, https:\/\/sindilojasbrusque.com.br\/wp-content\/uploads\/2023\/08\/Design-sem-nome-2023-08-03T010139.794-150x150.png 150w, https:\/\/sindilojasbrusque.com.br\/wp-content\/uploads\/2023\/08\/Design-sem-nome-2023-08-03T010139.794-768x768.png 768w\" sizes=\"(max-width: 1080px) 100vw, 1080px\" \/><\/figure><div class=\"elementor-image-box-content\"><h3 class=\"elementor-image-box-title\">Cursos e Palestras<\/h3><\/div><\/div>\t\t\t\t<\/div>\n\t\t\t\t<\/div>\n\t\t\t\t<\/div>\n\t\t<div class=\"elementor-element elementor-element-7e8f26b e-con-full e-flex e-con e-child\" data-id=\"7e8f26b\" data-element_type=\"container\" data-e-type=\"container\">\n\t\t\t\t<div class=\"elementor-element elementor-element-7008c69 elementor-position-top elementor-widget elementor-widget-image-box\" data-id=\"7008c69\" data-element_type=\"widget\" data-e-type=\"widget\" data-widget_type=\"image-box.default\">\n\t\t\t\t<div class=\"elementor-widget-container\">\n\t\t\t\t\t<div class=\"elementor-image-box-wrapper\"><figure class=\"elementor-image-box-img\"><a href=\"https:\/\/site.unimedlitoral.com.br\/\" tabindex=\"-1\"><img loading=\"lazy\" decoding=\"async\" width=\"1080\" height=\"1080\" src=\"https:\/\/sindilojasbrusque.com.br\/wp-content\/uploads\/2023\/08\/Design-sem-nome-2023-08-03T010713.680.png\" class=\"attachment-full size-full wp-image-3241\" alt=\"\" srcset=\"https:\/\/sindilojasbrusque.com.br\/wp-content\/uploads\/2023\/08\/Design-sem-nome-2023-08-03T010713.680.png 1080w, https:\/\/sindilojasbrusque.com.br\/wp-content\/uploads\/2023\/08\/Design-sem-nome-2023-08-03T010713.680-300x300.png 300w, https:\/\/sindilojasbrusque.com.br\/wp-content\/uploads\/2023\/08\/Design-sem-nome-2023-08-03T010713.680-1024x1024.png 1024w, https:\/\/sindilojasbrusque.com.br\/wp-content\/uploads\/2023\/08\/Design-sem-nome-2023-08-03T010713.680-150x150.png 150w, https:\/\/sindilojasbrusque.com.br\/wp-content\/uploads\/2023\/08\/Design-sem-nome-2023-08-03T010713.680-768x768.png 768w\" sizes=\"(max-width: 1080px) 100vw, 1080px\" \/><\/a><\/figure><div class=\"elementor-image-box-content\"><h3 class=\"elementor-image-box-title\"><a href=\"https:\/\/site.unimedlitoral.com.br\/\">Unimed<\/a><\/h3><\/div><\/div>\t\t\t\t<\/div>\n\t\t\t\t<\/div>\n\t\t\t\t<\/div>\n\t\t<div class=\"elementor-element elementor-element-91b26b4 e-con-full e-flex e-con e-child\" data-id=\"91b26b4\" data-element_type=\"container\" data-e-type=\"container\">\n\t\t\t\t<div class=\"elementor-element elementor-element-07d2698 elementor-position-top elementor-widget elementor-widget-image-box\" data-id=\"07d2698\" data-element_type=\"widget\" data-e-type=\"widget\" data-widget_type=\"image-box.default\">\n\t\t\t\t<div class=\"elementor-widget-container\">\n\t\t\t\t\t<div class=\"elementor-image-box-wrapper\"><figure class=\"elementor-image-box-img\"><img loading=\"lazy\" decoding=\"async\" width=\"1080\" height=\"1080\" src=\"https:\/\/sindilojasbrusque.com.br\/wp-content\/uploads\/2023\/08\/Design-sem-nome-2023-08-03T011510.615.png\" class=\"attachment-full size-full wp-image-3245\" alt=\"\" srcset=\"https:\/\/sindilojasbrusque.com.br\/wp-content\/uploads\/2023\/08\/Design-sem-nome-2023-08-03T011510.615.png 1080w, https:\/\/sindilojasbrusque.com.br\/wp-content\/uploads\/2023\/08\/Design-sem-nome-2023-08-03T011510.615-300x300.png 300w, https:\/\/sindilojasbrusque.com.br\/wp-content\/uploads\/2023\/08\/Design-sem-nome-2023-08-03T011510.615-1024x1024.png 1024w, https:\/\/sindilojasbrusque.com.br\/wp-content\/uploads\/2023\/08\/Design-sem-nome-2023-08-03T011510.615-150x150.png 150w, https:\/\/sindilojasbrusque.com.br\/wp-content\/uploads\/2023\/08\/Design-sem-nome-2023-08-03T011510.615-768x768.png 768w\" sizes=\"(max-width: 1080px) 100vw, 1080px\" \/><\/figure><div class=\"elementor-image-box-content\"><h4 class=\"elementor-image-box-title\">Sala para eventos<\/h4><\/div><\/div>\t\t\t\t<\/div>\n\t\t\t\t<\/div>\n\t\t\t\t<\/div>\n\t\t<div class=\"elementor-element elementor-element-2c97dd8 e-con-full e-flex e-con e-child\" data-id=\"2c97dd8\" data-element_type=\"container\" data-e-type=\"container\">\n\t\t\t\t<div class=\"elementor-element elementor-element-c5b8e65 elementor-position-top elementor-widget elementor-widget-image-box\" data-id=\"c5b8e65\" data-element_type=\"widget\" data-e-type=\"widget\" data-widget_type=\"image-box.default\">\n\t\t\t\t<div class=\"elementor-widget-container\">\n\t\t\t\t\t<div class=\"elementor-image-box-wrapper\"><figure class=\"elementor-image-box-img\"><a href=\"https:\/\/www.sesc-sc.com.br\/\" tabindex=\"-1\"><img loading=\"lazy\" decoding=\"async\" width=\"1080\" height=\"1080\" src=\"https:\/\/sindilojasbrusque.com.br\/wp-content\/uploads\/2023\/08\/Design-sem-nome-2023-08-03T011654.787.png\" class=\"attachment-full size-full wp-image-3248\" alt=\"\" srcset=\"https:\/\/sindilojasbrusque.com.br\/wp-content\/uploads\/2023\/08\/Design-sem-nome-2023-08-03T011654.787.png 1080w, https:\/\/sindilojasbrusque.com.br\/wp-content\/uploads\/2023\/08\/Design-sem-nome-2023-08-03T011654.787-300x300.png 300w, https:\/\/sindilojasbrusque.com.br\/wp-content\/uploads\/2023\/08\/Design-sem-nome-2023-08-03T011654.787-1024x1024.png 1024w, https:\/\/sindilojasbrusque.com.br\/wp-content\/uploads\/2023\/08\/Design-sem-nome-2023-08-03T011654.787-150x150.png 150w, https:\/\/sindilojasbrusque.com.br\/wp-content\/uploads\/2023\/08\/Design-sem-nome-2023-08-03T011654.787-768x768.png 768w\" sizes=\"(max-width: 1080px) 100vw, 1080px\" \/><\/a><\/figure><div class=\"elementor-image-box-content\"><h3 class=\"elementor-image-box-title\"><a href=\"https:\/\/www.sesc-sc.com.br\/\">Sesc<\/a><\/h3><\/div><\/div>\t\t\t\t<\/div>\n\t\t\t\t<\/div>\n\t\t\t\t<\/div>\n\t\t<div class=\"elementor-element elementor-element-c6f6317 e-con-full e-flex e-con e-child\" data-id=\"c6f6317\" data-element_type=\"container\" data-e-type=\"container\">\n\t\t\t\t<div class=\"elementor-element elementor-element-64660b8 elementor-position-top elementor-widget elementor-widget-image-box\" data-id=\"64660b8\" data-element_type=\"widget\" data-e-type=\"widget\" data-widget_type=\"image-box.default\">\n\t\t\t\t<div class=\"elementor-widget-container\">\n\t\t\t\t\t<div class=\"elementor-image-box-wrapper\"><figure class=\"elementor-image-box-img\"><a href=\"https:\/\/portal.sc.senac.br\/\" tabindex=\"-1\"><img loading=\"lazy\" decoding=\"async\" width=\"1080\" height=\"1080\" src=\"https:\/\/sindilojasbrusque.com.br\/wp-content\/uploads\/2023\/08\/Design-sem-nome-2023-08-03T012101.227.png\" class=\"attachment-full size-full wp-image-3249\" alt=\"\" srcset=\"https:\/\/sindilojasbrusque.com.br\/wp-content\/uploads\/2023\/08\/Design-sem-nome-2023-08-03T012101.227.png 1080w, https:\/\/sindilojasbrusque.com.br\/wp-content\/uploads\/2023\/08\/Design-sem-nome-2023-08-03T012101.227-300x300.png 300w, https:\/\/sindilojasbrusque.com.br\/wp-content\/uploads\/2023\/08\/Design-sem-nome-2023-08-03T012101.227-1024x1024.png 1024w, https:\/\/sindilojasbrusque.com.br\/wp-content\/uploads\/2023\/08\/Design-sem-nome-2023-08-03T012101.227-150x150.png 150w, https:\/\/sindilojasbrusque.com.br\/wp-content\/uploads\/2023\/08\/Design-sem-nome-2023-08-03T012101.227-768x768.png 768w\" sizes=\"(max-width: 1080px) 100vw, 1080px\" \/><\/a><\/figure><div class=\"elementor-image-box-content\"><h3 class=\"elementor-image-box-title\"><a href=\"https:\/\/portal.sc.senac.br\/\">Senac<\/a><\/h3><\/div><\/div>\t\t\t\t<\/div>\n\t\t\t\t<\/div>\n\t\t\t\t<\/div>\n\t\t<div class=\"elementor-element elementor-element-5406193 e-con-full e-flex e-con e-child\" data-id=\"5406193\" data-element_type=\"container\" data-e-type=\"container\">\n\t\t\t\t<div class=\"elementor-element elementor-element-404f864 elementor-position-top elementor-widget elementor-widget-image-box\" data-id=\"404f864\" data-element_type=\"widget\" data-e-type=\"widget\" data-widget_type=\"image-box.default\">\n\t\t\t\t<div class=\"elementor-widget-container\">\n\t\t\t\t\t<div class=\"elementor-image-box-wrapper\"><figure class=\"elementor-image-box-img\"><a href=\"http:\/\/sindilojasbrusque.com.br\/?page_id=3275\" tabindex=\"-1\"><img loading=\"lazy\" decoding=\"async\" width=\"600\" height=\"600\" src=\"https:\/\/sindilojasbrusque.com.br\/wp-content\/uploads\/2023\/08\/Fazer-um-Curriculo.jpg\" class=\"attachment-full size-full wp-image-3391\" alt=\"\" srcset=\"https:\/\/sindilojasbrusque.com.br\/wp-content\/uploads\/2023\/08\/Fazer-um-Curriculo.jpg 600w, https:\/\/sindilojasbrusque.com.br\/wp-content\/uploads\/2023\/08\/Fazer-um-Curriculo-300x300.jpg 300w, https:\/\/sindilojasbrusque.com.br\/wp-content\/uploads\/2023\/08\/Fazer-um-Curriculo-150x150.jpg 150w\" sizes=\"(max-width: 600px) 100vw, 600px\" \/><\/a><\/figure><div class=\"elementor-image-box-content\"><h3 class=\"elementor-image-box-title\"><a href=\"http:\/\/sindilojasbrusque.com.br\/?page_id=3275\">Cadastre seu Curr\u00edculo<\/a><\/h3><\/div><\/div>\t\t\t\t<\/div>\n\t\t\t\t<\/div>\n\t\t\t\t<\/div>\n\t\t\t\t<\/div>\n\t\t\t\t<\/div>\n\t\t","protected":false},"excerpt":{"rendered":"<p>O\u00a0SINDILOJAS\u00a0\u00e9 uma entidade classista patronal do com\u00e9rcio varejista e atacadista de Brusque, Botuver\u00e1 e\u00a0Guabiruba.Esta entidade tem como objetivo primordial defender os interesses das empresas do segmento que representa, principalmente no que se refere ao \u00e2mbito legal e de assist\u00eancia ao empres\u00e1rio. \u00daltimas Not\u00edcias Servi\u00e7os Cursos e Palestras Unimed Sala para eventos Sesc Senac Cadastre seu [&hellip;]<\/p>\n","protected":false},"author":1,"featured_media":0,"parent":0,"menu_order":0,"comment_status":"closed","ping_status":"closed","template":"page-templates\/page-nosidebars.php","meta":{"footnotes":""},"class_list":["post-3017","page","type-page","status-publish","hentry","has-post-thumbnail"],"_links":{"self":[{"href":"https:\/\/sindilojasbrusque.com.br\/index.php?rest_route=\/wp\/v2\/pages\/3017","targetHints":{"allow":["GET"]}}],"collection":[{"href":"https:\/\/sindilojasbrusque.com.br\/index.php?rest_route=\/wp\/v2\/pages"}],"about":[{"href":"https:\/\/sindilojasbrusque.com.br\/index.php?rest_route=\/wp\/v2\/types\/page"}],"author":[{"embeddable":true,"href":"https:\/\/sindilojasbrusque.com.br\/index.php?rest_route=\/wp\/v2\/users\/1"}],"replies":[{"embeddable":true,"href":"https:\/\/sindilojasbrusque.com.br\/index.php?rest_route=%2Fwp%2Fv2%2Fcomments&post=3017"}],"version-history":[{"count":70,"href":"https:\/\/sindilojasbrusque.com.br\/index.php?rest_route=\/wp\/v2\/pages\/3017\/revisions"}],"predecessor-version":[{"id":4528,"href":"https:\/\/sindilojasbrusque.com.br\/index.php?rest_route=\/wp\/v2\/pages\/3017\/revisions\/4528"}],"wp:attachment":[{"href":"https:\/\/sindilojasbrusque.com.br\/index.php?rest_route=%2Fwp%2Fv2%2Fmedia&parent=3017"}],"curies":[{"name":"wp","href":"https:\/\/api.w.org\/{rel}","templated":true}]}}