{"id":2998,"date":"2022-02-20T22:56:25","date_gmt":"2022-02-21T01:56:25","guid":{"rendered":"https:\/\/tishonator.com\/themepreview6\/tishbusiness\/?page_id=2998"},"modified":"2023-07-25T10:20:52","modified_gmt":"2023-07-25T13:20:52","slug":"sindilojas","status":"publish","type":"page","link":"https:\/\/sindilojasbrusque.com.br\/?page_id=2998","title":{"rendered":"O Sindilojas Brusque, Botuver\u00e1 e Guabiruba"},"content":{"rendered":"\t\t<div data-elementor-type=\"wp-page\" data-elementor-id=\"2998\" class=\"elementor elementor-2998\" data-elementor-post-type=\"page\">\n\t\t\t\t\t\t<section class=\"elementor-section elementor-top-section elementor-element elementor-element-13335ff3 elementor-section-boxed elementor-section-height-default elementor-section-height-default\" data-id=\"13335ff3\" data-element_type=\"section\" data-e-type=\"section\">\n\t\t\t\t\t\t<div class=\"elementor-container elementor-column-gap-default\">\n\t\t\t\t\t<div class=\"elementor-column elementor-col-100 elementor-top-column elementor-element elementor-element-11b75e82\" data-id=\"11b75e82\" data-element_type=\"column\" data-e-type=\"column\">\n\t\t\t<div class=\"elementor-widget-wrap elementor-element-populated\">\n\t\t\t\t\t\t<div class=\"elementor-element elementor-element-70b4b577 elementor-widget elementor-widget-text-editor\" data-id=\"70b4b577\" data-element_type=\"widget\" data-e-type=\"widget\" data-widget_type=\"text-editor.default\">\n\t\t\t\t<div class=\"elementor-widget-container\">\n\t\t\t\t\t\t\t\t\t\n<p style=\"text-align: justify;\">Nossa entidade sindical exerce para a categoria econ\u00f4mica em que sua empresa encontra-se posicionada, atuando de forma decisiva na defesa dos seus interesses.<\/p>\n<p style=\"text-align: justify;\">A principal interven\u00e7\u00e3o de nossa entidade se d\u00e1 atrav\u00e9s das negocia\u00e7\u00f5es coletivas anuais realizadas junto ao sindicato laboral, com a defesa direta dos interesses de nossos afiliados, incluindo sua empresa, onde temos buscado um constante equil\u00edbrio entre os direitos e deveres das empresas e de seus colaboradores, a fim de que nenhuma empresa tenha seu direito violado ou que seja obrigada a absorver reajuste ou obriga\u00e7\u00e3o que n\u00e3o seja condizente com a sua capacidade.<\/p>\n<p style=\"text-align: justify;\">A constante e incans\u00e1vel atua\u00e7\u00e3o deste sindicato junto aos \u00f3rg\u00e3os privados ou p\u00fablicos, em todas as esferas de governo, sempre se d\u00e1 na defesa de temas de interesse do setor, minimizando, ou, at\u00e9 mesmo, anulando os efeitos de uma pol\u00edtica p\u00fablica desfavor\u00e1vel para a categoria, favorecendo um ambiente de neg\u00f3cios mais prop\u00edcio ao pleno desenvolvimento do com\u00e9rcio no Brasil.<\/p>\n<p style=\"text-align: justify;\">Al\u00e9m disso, o sindicato cria e oferece produtos e servi\u00e7os indispens\u00e1veis \u00e0s empresas, parceria com cursos de qualifica\u00e7\u00e3o profissional, dentre outros.<\/p>\n\n\n\n<div class=\"wp-block-tishonator-clients-block\">\n<h2 class=\"wp-block-heading\" id=\"our-mission\" style=\"text-align: left; font-family: 'Ubuntu', sans-serif; color: #AC8330;\">Miss\u00e3o:<\/h2>\n<ul>\n<li>Manter equil\u00edbrio em negocia\u00e7\u00f5es entre patr\u00f5es e empregados atrav\u00e9s das negocia\u00e7\u00f5es.<\/li>\n<li>Defender e representar as empresas do com\u00e9rcio varejista e atacadista promovendo o crescimento e fortalecimento da classe.<\/li>\n<li>Promover o associativismo e a integra\u00e7\u00e3o para melhor desenvolvimento no setor do com\u00e9rcio local.<\/li>\n<\/ul>\n<p>\n\n<\/p>\n<h2 class=\"wp-block-heading\" id=\"our-team\" style=\"text-align: left; font-family: 'Ubuntu', sans-serif; color: #AC8330;\">Vis\u00e3o:<\/h2>\n<ul>\n<li>Aumento no associativismo, mantendo o equil\u00edbrio financeiro da entidade;<\/li>\n<li>Reconhecimento como uma entidade necess\u00e1ria em sua representa\u00e7\u00e3o seja na \u00e1rea comercial ou poder p\u00fablico, estendendo-se a toda categoria;<\/li>\n<li>Ser reconhecida por outras entidades que abrange outras \u00e1reas do com\u00e9rcio.<\/li>\n<li>Construir iniciativas de representa\u00e7\u00e3o para conduzir a comunidade empresarial do com\u00e9rcio, atrav\u00e9s das discuss\u00f5es nas rela\u00e7\u00f5es entre capital e trabalho, bem como, junto \u00e0 Federa\u00e7\u00e3o do Com\u00e9rcio\/SC, representante na hierarquia do sistema CNC.<\/li>\n<\/ul>\n<p>&nbsp;<\/p>\n<h2 id=\"our-team\" style=\"text-align: left; font-family: 'Ubuntu', sans-serif; color: #AC8330;\">Valores:<\/h2>\n<ul>\n<li>Princ\u00edpios \u00e9ticos;<\/li>\n<li>Integridade;<\/li>\n<li>Organiza\u00e7\u00e3o;<\/li>\n<li>Transpar\u00eancia;<\/li>\n<li>Retid\u00e3o;<\/li>\n<li>Responsabilidade social e<\/li>\n<li>Cidadania.<\/li>\n<\/ul>\n<br \/>\n<h2 id=\"our-team\" style=\"text-align: left; font-family: 'Ubuntu', sans-serif; color: #AC8330;\">Bandeiras:<\/h2>\n<p>\n\n\n\n\n\n<\/p>\n<h2 class=\"wp-block-heading\" id=\"our-clients\" style=\"text-align: left; font-family: 'Ubuntu', sans-serif; color: #AC8330;\">Hist\u00f3rico<\/h2>\n<p>\n\n<div id=\"rs-iconbox-area\" class=\"rs-iconbox-area\"><div class=\"container custom\"><div class=\"row y-middle\"><div class=\"col-lg-4 col-md-6 mb-30\"><div class=\"box-inner\"><div class=\"box-item\"><div class=\"icon-box\"><a href=\"#\" title=\"Initech\"><img decoding=\"async\" width=\"200\" height=\"200\" src=\"https:\/\/sindilojasbrusque.com.br\/wp-content\/uploads\/2014\/06\/client-6.png\" class=\"attachment-full size-full wp-post-image\" alt=\"\" srcset=\"https:\/\/sindilojasbrusque.com.br\/wp-content\/uploads\/2014\/06\/client-6.png 200w, https:\/\/sindilojasbrusque.com.br\/wp-content\/uploads\/2014\/06\/client-6-150x150.png 150w\" sizes=\"(max-width: 200px) 100vw, 200px\" \/><\/a><\/div><\/div><\/div><\/div><div class=\"col-lg-4 col-md-6 mb-30\"><div class=\"box-inner\"><div class=\"box-item\"><div class=\"icon-box\"><a href=\"#\" title=\"Flint Tropics\"><img decoding=\"async\" width=\"200\" height=\"200\" src=\"https:\/\/sindilojasbrusque.com.br\/wp-content\/uploads\/2014\/06\/client-5.png\" class=\"attachment-full size-full wp-post-image\" alt=\"\" srcset=\"https:\/\/sindilojasbrusque.com.br\/wp-content\/uploads\/2014\/06\/client-5.png 200w, https:\/\/sindilojasbrusque.com.br\/wp-content\/uploads\/2014\/06\/client-5-150x150.png 150w\" sizes=\"(max-width: 200px) 100vw, 200px\" \/><\/a><\/div><\/div><\/div><\/div><div class=\"col-lg-4 col-md-6 mb-30\"><div class=\"box-inner\"><div class=\"box-item\"><div class=\"icon-box\"><a href=\"#\" title=\"Dunder Mifflin\"><img decoding=\"async\" width=\"200\" height=\"200\" src=\"https:\/\/sindilojasbrusque.com.br\/wp-content\/uploads\/2014\/06\/client-4.png\" class=\"attachment-full size-full wp-post-image\" alt=\"\" srcset=\"https:\/\/sindilojasbrusque.com.br\/wp-content\/uploads\/2014\/06\/client-4.png 200w, https:\/\/sindilojasbrusque.com.br\/wp-content\/uploads\/2014\/06\/client-4-150x150.png 150w\" sizes=\"(max-width: 200px) 100vw, 200px\" \/><\/a><\/div><\/div><\/div><\/div><div class=\"col-lg-4 col-md-6 mb-30\"><div class=\"box-inner\"><div class=\"box-item\"><div class=\"icon-box\"><a href=\"#\" title=\"Dinoco\"><img loading=\"lazy\" decoding=\"async\" width=\"200\" height=\"200\" src=\"https:\/\/sindilojasbrusque.com.br\/wp-content\/uploads\/2014\/06\/client-3.png\" class=\"attachment-full size-full wp-post-image\" alt=\"\" srcset=\"https:\/\/sindilojasbrusque.com.br\/wp-content\/uploads\/2014\/06\/client-3.png 200w, https:\/\/sindilojasbrusque.com.br\/wp-content\/uploads\/2014\/06\/client-3-150x150.png 150w\" sizes=\"(max-width: 200px) 100vw, 200px\" \/><\/a><\/div><\/div><\/div><\/div><div class=\"col-lg-4 col-md-6 mb-30\"><div class=\"box-inner\"><div class=\"box-item\"><div class=\"icon-box\"><a href=\"#\" title=\"Karate\"><img loading=\"lazy\" decoding=\"async\" width=\"200\" height=\"200\" src=\"https:\/\/sindilojasbrusque.com.br\/wp-content\/uploads\/2014\/06\/client-2.png\" class=\"attachment-full size-full wp-post-image\" alt=\"\" srcset=\"https:\/\/sindilojasbrusque.com.br\/wp-content\/uploads\/2014\/06\/client-2.png 200w, https:\/\/sindilojasbrusque.com.br\/wp-content\/uploads\/2014\/06\/client-2-150x150.png 150w\" sizes=\"(max-width: 200px) 100vw, 200px\" \/><\/a><\/div><\/div><\/div><\/div><div class=\"col-lg-4 col-md-6 mb-30\"><div class=\"box-inner\"><div class=\"box-item\"><div class=\"icon-box\"><a href=\"#\" title=\"Monsters\"><img loading=\"lazy\" decoding=\"async\" width=\"200\" height=\"200\" src=\"https:\/\/sindilojasbrusque.com.br\/wp-content\/uploads\/2014\/06\/client-1.png\" class=\"attachment-full size-full wp-post-image\" alt=\"\" srcset=\"https:\/\/sindilojasbrusque.com.br\/wp-content\/uploads\/2014\/06\/client-1.png 200w, https:\/\/sindilojasbrusque.com.br\/wp-content\/uploads\/2014\/06\/client-1-150x150.png 150w\" sizes=\"(max-width: 200px) 100vw, 200px\" \/><\/a><\/div><\/div><\/div><\/div><\/div><\/div><\/div>\t\t\t\t\t\t\t\t<\/div>\n\t\t\t\t<\/div>\n\t\t\t\t\t<\/div>\n\t\t<\/div>\n\t\t\t\t\t<\/div>\n\t\t<\/section>\n\t\t\t\t<\/div>\n\t\t","protected":false},"excerpt":{"rendered":"<p>Nossa entidade sindical exerce para a categoria econ\u00f4mica em que sua empresa encontra-se posicionada, atuando de forma decisiva na defesa dos seus interesses. A principal interven\u00e7\u00e3o de nossa entidade se d\u00e1 atrav\u00e9s das negocia\u00e7\u00f5es coletivas anuais realizadas junto ao sindicato laboral, com a defesa direta dos interesses de nossos afiliados, incluindo sua empresa, onde temos [&hellip;]<\/p>\n","protected":false},"author":1,"featured_media":0,"parent":0,"menu_order":0,"comment_status":"closed","ping_status":"closed","template":"page-templates\/page-nosidebars.php","meta":{"footnotes":""},"class_list":["post-2998","page","type-page","status-publish","hentry"],"_links":{"self":[{"href":"https:\/\/sindilojasbrusque.com.br\/index.php?rest_route=\/wp\/v2\/pages\/2998","targetHints":{"allow":["GET"]}}],"collection":[{"href":"https:\/\/sindilojasbrusque.com.br\/index.php?rest_route=\/wp\/v2\/pages"}],"about":[{"href":"https:\/\/sindilojasbrusque.com.br\/index.php?rest_route=\/wp\/v2\/types\/page"}],"author":[{"embeddable":true,"href":"https:\/\/sindilojasbrusque.com.br\/index.php?rest_route=\/wp\/v2\/users\/1"}],"replies":[{"embeddable":true,"href":"https:\/\/sindilojasbrusque.com.br\/index.php?rest_route=%2Fwp%2Fv2%2Fcomments&post=2998"}],"version-history":[{"count":52,"href":"https:\/\/sindilojasbrusque.com.br\/index.php?rest_route=\/wp\/v2\/pages\/2998\/revisions"}],"predecessor-version":[{"id":3143,"href":"https:\/\/sindilojasbrusque.com.br\/index.php?rest_route=\/wp\/v2\/pages\/2998\/revisions\/3143"}],"wp:attachment":[{"href":"https:\/\/sindilojasbrusque.com.br\/index.php?rest_route=%2Fwp%2Fv2%2Fmedia&parent=2998"}],"curies":[{"name":"wp","href":"https:\/\/api.w.org\/{rel}","templated":true}]}}