{"id":2991,"date":"2022-02-20T22:48:33","date_gmt":"2022-02-21T01:48:33","guid":{"rendered":"https:\/\/tishonator.com\/themepreview6\/tishbusiness\/?page_id=2991"},"modified":"2026-03-18T17:28:14","modified_gmt":"2026-03-18T20:28:14","slug":"diretoria","status":"publish","type":"page","link":"https:\/\/sindilojasbrusque.com.br\/?page_id=2991","title":{"rendered":"Diretoria"},"content":{"rendered":"\t\t<div data-elementor-type=\"wp-page\" data-elementor-id=\"2991\" class=\"elementor elementor-2991\" data-elementor-post-type=\"page\">\n\t\t\t\t<div class=\"elementor-element elementor-element-fb55598 e-flex e-con-boxed e-con e-parent\" data-id=\"fb55598\" data-element_type=\"container\" data-e-type=\"container\">\n\t\t\t\t\t<div class=\"e-con-inner\">\n\t\t<div class=\"elementor-element elementor-element-cd9120b e-flex e-con-boxed e-con e-child\" data-id=\"cd9120b\" data-element_type=\"container\" data-e-type=\"container\">\n\t\t\t\t\t<div class=\"e-con-inner\">\n\t\t\t\t<div class=\"elementor-element elementor-element-e74fe5a elementor-widget elementor-widget-heading\" data-id=\"e74fe5a\" data-element_type=\"widget\" data-e-type=\"widget\" data-widget_type=\"heading.default\">\n\t\t\t\t<div class=\"elementor-widget-container\">\n\t\t\t\t\t<h2 class=\"elementor-heading-title elementor-size-default\">Diretoria Atual<\/h2>\t\t\t\t<\/div>\n\t\t\t\t<\/div>\n\t\t\t\t\t<\/div>\n\t\t\t\t<\/div>\n\t\t\t\t\t<\/div>\n\t\t\t\t<\/div>\n\t\t<div class=\"elementor-element elementor-element-0cd8411 e-flex e-con-boxed e-con e-parent\" data-id=\"0cd8411\" data-element_type=\"container\" data-e-type=\"container\">\n\t\t\t\t\t<div class=\"e-con-inner\">\n\t\t<div class=\"elementor-element elementor-element-c4f461c e-flex e-con-boxed e-con e-child\" data-id=\"c4f461c\" data-element_type=\"container\" data-e-type=\"container\">\n\t\t\t\t\t<div class=\"e-con-inner\">\n\t\t<div class=\"elementor-element elementor-element-0d2cef7 e-flex e-con-boxed e-con e-child\" data-id=\"0d2cef7\" data-element_type=\"container\" data-e-type=\"container\">\n\t\t\t\t\t<div class=\"e-con-inner\">\n\t\t\t\t<div class=\"elementor-element elementor-element-5f018d7 elementor-widget elementor-widget-text-editor\" data-id=\"5f018d7\" data-element_type=\"widget\" data-e-type=\"widget\" data-widget_type=\"text-editor.default\">\n\t\t\t\t<div class=\"elementor-widget-container\">\n\t\t\t\t\t\t\t\t\t<table class=\"tabela_lista\" border=\"0\" cellspacing=\"2\" cellpadding=\"2\"><tbody><tr class=\"linha_tabela\" bgcolor=\"#F4F5F9\"><td class=\"titulo1\" colspan=\"2\"><strong>2026\/2030<\/strong><\/td><\/tr><tr><td valign=\"top\">Presidente<\/td><td valign=\"top\"><strong>FERNANDO WALENDOWSKY <\/strong>(INACIO WALENDOWSKY)<\/td><\/tr><tr><td valign=\"top\">Vice-Presidente<\/td><td valign=\"top\"><strong>MARI SUZANA CASSANIGA ROSA <\/strong>(DOKASSA)<\/td><\/tr><tr><td valign=\"top\">Secret\u00e1rio<\/td><td valign=\"top\"><strong>JULIO ARIEL SCHUMACHER <\/strong>(GUABIFIOS)<\/td><\/tr><tr><td valign=\"top\">Tesoureiro<\/td><td valign=\"top\"><strong>VALTER KOHLER <\/strong>(KOHLER JOALHERIA E OTICA)<\/td><\/tr><tr><td valign=\"top\">Diretor de Administra\u00e7\u00e3o<\/td><td valign=\"top\"><strong>FERNANDO BATISTI ARCHER <\/strong>(SUPERMERCADOS ARCHER)<\/td><\/tr><tr><td valign=\"top\">Diretor de Rela\u00e7\u00f5es com a Comunidade<\/td><td valign=\"top\"><strong>MARCELO GEVAERD <\/strong>(CAL\u00c7ADOS GEVAERD)<\/td><\/tr><tr><td valign=\"top\">Suplente 1\u00ba da Diretoria<\/td><td valign=\"top\"><strong>ENI TERESINHA BARNI <\/strong>(LEMUS\u00a0CAL\u00c7ADOS)<\/td><\/tr><tr><td valign=\"top\">\u00a0<\/td><td valign=\"top\">\u00a0<\/td><\/tr><tr><td valign=\"top\">\u00a0<\/td><td valign=\"top\">\u00a0<\/td><\/tr><tr><td valign=\"top\">\u00a0<\/td><td valign=\"top\">\u00a0<\/td><\/tr><tr><td>\u00a0<\/td><td>\u00a0<\/td><\/tr><tr class=\"linha_tabela\"><th colspan=\"2\">CONSELHO DE REPRESENTANTES JUNTO A FEDERA\u00c7\u00c3O<\/th><\/tr><tr><td valign=\"top\">Efetivo 1\u00ba<\/td><td valign=\"top\"><strong>FERNANDO WALENDOWSKY <\/strong>(INACIO WALENDOWSKY)<\/td><\/tr><tr><td valign=\"top\">Efetivo 2\u00ba<\/td><td valign=\"top\"><strong>MARCELO GEVAERD <\/strong>(CAL\u00c7ADOS GEVAERD)<\/td><\/tr><tr><td valign=\"top\">Suplente 1\u00ba<\/td><td valign=\"top\">\u00a0<strong>IVAN LUIS TRIDAPALLI <\/strong>(SUPERMERCADO CAROL)<\/td><\/tr><tr><td valign=\"top\">Suplente 2\u00ba<\/td><td valign=\"top\"><strong>MARI SUZANA CASSANIGA ROSA <\/strong>(DOKASSA)<\/td><\/tr><tr><th colspan=\"2\" valign=\"top\">CONSELHO FISCAL<\/th><\/tr><tr><td valign=\"top\">Efetivo 1\u00ba<\/td><td valign=\"top\"><strong>LEANDRO MERICO <\/strong>(ADSOMOS)<\/td><\/tr><tr><td valign=\"top\">Efetivo 2\u00ba<\/td><td valign=\"top\"><strong>GILMAR JORGE ERBS <\/strong>(AGROERBS)<\/td><\/tr><tr><td valign=\"top\">Efetivo 3\u00ba<\/td><td valign=\"top\"><p><strong>IVAN L. TRIDAPALLI <\/strong>(SUPERMERCADO CAROL)<\/p><\/td><\/tr><tr><td valign=\"top\">Suplente 1\u00ba<\/td><td valign=\"top\"><strong>RIAN RICARDO DE LIMAS <\/strong>(VANTEX DIST. DE PROD. T\u00caXTEIS LTDA)<\/td><\/tr><tr><td valign=\"top\">\u00a0<\/td><td valign=\"top\">\u00a0<\/td><\/tr><tr><td valign=\"top\">\u00a0<\/td><td valign=\"top\">\u00a0<\/td><\/tr><tr><td valign=\"top\">\u00a0<\/td><td valign=\"top\">\u00a0<\/td><\/tr><tr><th colspan=\"2\" valign=\"top\">CONSELHO SUPERIOR<\/th><\/tr><tr><td colspan=\"2\" valign=\"top\">Representante De Empresas Com 10 Ou Mais Funcion\u00e1rios Efetivo<\/td><\/tr><tr><td colspan=\"2\" valign=\"top\"><strong>FERNANDO HEIL <\/strong>(STOP SHOP)<\/td><\/tr><tr><td valign=\"top\">1\u00ba\u00a0Representante Dos Demais Associados<\/td><td valign=\"top\"><strong>ALCIR INACIO OTTO <\/strong>(ATACADO RIO BRANCO)<\/td><\/tr><tr><td valign=\"top\">2\u00ba\u00a0Representante Dos Demais Associados<\/td><td valign=\"top\"><p><strong>CESAR BUSNARDO JUNIOR <\/strong>(\u00d3TICA MODERNA)\u00a0<\/p><\/td><\/tr><\/tbody><\/table>\t\t\t\t\t\t\t\t<\/div>\n\t\t\t\t<\/div>\n\t\t\t\t\t<\/div>\n\t\t\t\t<\/div>\n\t\t\t\t\t<\/div>\n\t\t\t\t<\/div>\n\t\t\t\t\t<\/div>\n\t\t\t\t<\/div>\n\t\t<div class=\"elementor-element elementor-element-e947a7b e-flex e-con-boxed e-con e-parent\" data-id=\"e947a7b\" data-element_type=\"container\" data-e-type=\"container\">\n\t\t\t\t\t<div class=\"e-con-inner\">\n\t\t<div class=\"elementor-element elementor-element-b9c7aa9 e-flex e-con-boxed e-con e-child\" data-id=\"b9c7aa9\" data-element_type=\"container\" data-e-type=\"container\">\n\t\t\t\t\t<div class=\"e-con-inner\">\n\t\t\t\t<div class=\"elementor-element elementor-element-1e1ee93 elementor-widget elementor-widget-heading\" data-id=\"1e1ee93\" data-element_type=\"widget\" data-e-type=\"widget\" data-widget_type=\"heading.default\">\n\t\t\t\t<div class=\"elementor-widget-container\">\n\t\t\t\t\t<h2 class=\"elementor-heading-title elementor-size-default\">Galeria de presidentes<\/h2>\t\t\t\t<\/div>\n\t\t\t\t<\/div>\n\t\t\t\t\t<\/div>\n\t\t\t\t<\/div>\n\t\t\t\t\t<\/div>\n\t\t\t\t<\/div>\n\t\t<div class=\"elementor-element elementor-element-74c18b5 e-flex e-con-boxed e-con e-parent\" data-id=\"74c18b5\" data-element_type=\"container\" data-e-type=\"container\">\n\t\t\t\t\t<div class=\"e-con-inner\">\n\t\t<div class=\"elementor-element elementor-element-313c162 e-flex e-con-boxed e-con e-child\" data-id=\"313c162\" data-element_type=\"container\" data-e-type=\"container\">\n\t\t\t\t\t<div class=\"e-con-inner\">\n\t\t\t\t<div class=\"elementor-element elementor-element-e226ca8 elementor-widget elementor-widget-text-editor\" data-id=\"e226ca8\" data-element_type=\"widget\" data-e-type=\"widget\" data-widget_type=\"text-editor.default\">\n\t\t\t\t<div class=\"elementor-widget-container\">\n\t\t\t\t\t\t\t\t\t<p>Aqui voc\u00ea confere a Galeria de Ex-presidentes do Sindilojas Brusque:<\/p>\t\t\t\t\t\t\t\t<\/div>\n\t\t\t\t<\/div>\n\t\t\t\t\t<\/div>\n\t\t\t\t<\/div>\n\t\t\t\t\t<\/div>\n\t\t\t\t<\/div>\n\t\t<div class=\"elementor-element elementor-element-c511f32 e-flex e-con-boxed e-con e-parent\" data-id=\"c511f32\" data-element_type=\"container\" data-e-type=\"container\">\n\t\t\t\t\t<div class=\"e-con-inner\">\n\t\t<div class=\"elementor-element elementor-element-72733f4 e-con-full e-flex e-con e-child\" data-id=\"72733f4\" data-element_type=\"container\" data-e-type=\"container\">\n\t\t<div class=\"elementor-element elementor-element-8c08914 e-flex e-con-boxed e-con e-child\" data-id=\"8c08914\" data-element_type=\"container\" data-e-type=\"container\">\n\t\t\t\t\t<div class=\"e-con-inner\">\n\t\t\t\t<div class=\"elementor-element elementor-element-38c9d20 elementor-position-top elementor-widget elementor-widget-image-box\" data-id=\"38c9d20\" data-element_type=\"widget\" data-e-type=\"widget\" data-widget_type=\"image-box.default\">\n\t\t\t\t<div class=\"elementor-widget-container\">\n\t\t\t\t\t<div class=\"elementor-image-box-wrapper\"><figure class=\"elementor-image-box-img\"><img fetchpriority=\"high\" decoding=\"async\" width=\"685\" height=\"879\" src=\"https:\/\/sindilojasbrusque.com.br\/wp-content\/uploads\/2023\/08\/Marcelo-Gevaerd-Gestao-31-01-2014-a-30-01-2018-de-31-01-2018-a-30-01-2022-de-31-01-2022-ate-o-atual-momento.jpg\" class=\"attachment-full size-full wp-image-3456\" alt=\"\" srcset=\"https:\/\/sindilojasbrusque.com.br\/wp-content\/uploads\/2023\/08\/Marcelo-Gevaerd-Gestao-31-01-2014-a-30-01-2018-de-31-01-2018-a-30-01-2022-de-31-01-2022-ate-o-atual-momento.jpg 685w, https:\/\/sindilojasbrusque.com.br\/wp-content\/uploads\/2023\/08\/Marcelo-Gevaerd-Gestao-31-01-2014-a-30-01-2018-de-31-01-2018-a-30-01-2022-de-31-01-2022-ate-o-atual-momento-234x300.jpg 234w\" sizes=\"(max-width: 685px) 100vw, 685px\" \/><\/figure><div class=\"elementor-image-box-content\"><h3 class=\"elementor-image-box-title\">Marcelo Gevaerd<\/h3><p class=\"elementor-image-box-description\"><div align=\"center\">31-01-2014 \u00e0 30-01-2018\n31-01-2018 \u00e0 30-01-2022\n31-01-2022 at\u00e9 o atual momento<\/div><\/p><\/div><\/div>\t\t\t\t<\/div>\n\t\t\t\t<\/div>\n\t\t\t\t\t<\/div>\n\t\t\t\t<\/div>\n\t\t\t\t<\/div>\n\t\t<div class=\"elementor-element elementor-element-dfbae6b e-con-full e-flex e-con e-child\" data-id=\"dfbae6b\" data-element_type=\"container\" data-e-type=\"container\">\n\t\t<div class=\"elementor-element elementor-element-8e7786b e-flex e-con-boxed e-con e-child\" data-id=\"8e7786b\" data-element_type=\"container\" data-e-type=\"container\">\n\t\t\t\t\t<div class=\"e-con-inner\">\n\t\t\t\t<div class=\"elementor-element elementor-element-abb198b elementor-position-top elementor-widget elementor-widget-image-box\" data-id=\"abb198b\" data-element_type=\"widget\" data-e-type=\"widget\" data-widget_type=\"image-box.default\">\n\t\t\t\t<div class=\"elementor-widget-container\">\n\t\t\t\t\t<div class=\"elementor-image-box-wrapper\"><figure class=\"elementor-image-box-img\"><img decoding=\"async\" width=\"685\" height=\"879\" src=\"https:\/\/sindilojasbrusque.com.br\/wp-content\/uploads\/2023\/08\/Vanderlei-Rogerio-de-Limas-Gestao-18-12-2003-a-30-07-2006-de-31-01-2010-a-30-01-2014.jpg\" class=\"attachment-full size-full wp-image-3459\" alt=\"\" srcset=\"https:\/\/sindilojasbrusque.com.br\/wp-content\/uploads\/2023\/08\/Vanderlei-Rogerio-de-Limas-Gestao-18-12-2003-a-30-07-2006-de-31-01-2010-a-30-01-2014.jpg 685w, https:\/\/sindilojasbrusque.com.br\/wp-content\/uploads\/2023\/08\/Vanderlei-Rogerio-de-Limas-Gestao-18-12-2003-a-30-07-2006-de-31-01-2010-a-30-01-2014-234x300.jpg 234w\" sizes=\"(max-width: 685px) 100vw, 685px\" \/><\/figure><div class=\"elementor-image-box-content\"><h3 class=\"elementor-image-box-title\">Vanderlei Rogerio de Limas<\/h3><p class=\"elementor-image-box-description\"><div align=\"center\">18-12-2003 \u00e0 30-07-2006<br> 31-01-2010 \u00e0 30-01-2014<\/div><\/p><\/div><\/div>\t\t\t\t<\/div>\n\t\t\t\t<\/div>\n\t\t\t\t\t<\/div>\n\t\t\t\t<\/div>\n\t\t\t\t<\/div>\n\t\t<div class=\"elementor-element elementor-element-d88fc54 e-con-full e-flex e-con e-child\" data-id=\"d88fc54\" data-element_type=\"container\" data-e-type=\"container\">\n\t\t<div class=\"elementor-element elementor-element-61edc1c e-flex e-con-boxed e-con e-child\" data-id=\"61edc1c\" data-element_type=\"container\" data-e-type=\"container\">\n\t\t\t\t\t<div class=\"e-con-inner\">\n\t\t\t\t<div class=\"elementor-element elementor-element-48bc89e elementor-position-top elementor-widget elementor-widget-image-box\" data-id=\"48bc89e\" data-element_type=\"widget\" data-e-type=\"widget\" data-widget_type=\"image-box.default\">\n\t\t\t\t<div class=\"elementor-widget-container\">\n\t\t\t\t\t<div class=\"elementor-image-box-wrapper\"><figure class=\"elementor-image-box-img\"><img decoding=\"async\" width=\"685\" height=\"879\" src=\"https:\/\/sindilojasbrusque.com.br\/wp-content\/uploads\/2023\/08\/Altamir-Schaadt-Gestao-01-08-2006-a-30-01-2010.jpg\" class=\"attachment-full size-full wp-image-3452\" alt=\"\" srcset=\"https:\/\/sindilojasbrusque.com.br\/wp-content\/uploads\/2023\/08\/Altamir-Schaadt-Gestao-01-08-2006-a-30-01-2010.jpg 685w, https:\/\/sindilojasbrusque.com.br\/wp-content\/uploads\/2023\/08\/Altamir-Schaadt-Gestao-01-08-2006-a-30-01-2010-234x300.jpg 234w\" sizes=\"(max-width: 685px) 100vw, 685px\" \/><\/figure><div class=\"elementor-image-box-content\"><h3 class=\"elementor-image-box-title\">Altamir Schaadt<\/h3><p class=\"elementor-image-box-description\"><div align=\"center\">01-08-2006 \u00e0 30-01-2010<\/div><\/p><\/div><\/div>\t\t\t\t<\/div>\n\t\t\t\t<\/div>\n\t\t\t\t\t<\/div>\n\t\t\t\t<\/div>\n\t\t\t\t<\/div>\n\t\t<div class=\"elementor-element elementor-element-157f8ad e-con-full e-flex e-con e-child\" data-id=\"157f8ad\" data-element_type=\"container\" data-e-type=\"container\">\n\t\t<div class=\"elementor-element elementor-element-0ab8a96 e-flex e-con-boxed e-con e-child\" data-id=\"0ab8a96\" data-element_type=\"container\" data-e-type=\"container\">\n\t\t\t\t\t<div class=\"e-con-inner\">\n\t\t\t\t<div class=\"elementor-element elementor-element-7b8150c elementor-position-top elementor-widget elementor-widget-image-box\" data-id=\"7b8150c\" data-element_type=\"widget\" data-e-type=\"widget\" data-widget_type=\"image-box.default\">\n\t\t\t\t<div class=\"elementor-widget-container\">\n\t\t\t\t\t<div class=\"elementor-image-box-wrapper\"><figure class=\"elementor-image-box-img\"><img loading=\"lazy\" decoding=\"async\" width=\"685\" height=\"879\" src=\"https:\/\/sindilojasbrusque.com.br\/wp-content\/uploads\/2023\/08\/Sergio-Walendowsky-Gestao-18-12-2000-a-17-12-2003.jpg\" class=\"attachment-full size-full wp-image-3458\" alt=\"\" srcset=\"https:\/\/sindilojasbrusque.com.br\/wp-content\/uploads\/2023\/08\/Sergio-Walendowsky-Gestao-18-12-2000-a-17-12-2003.jpg 685w, https:\/\/sindilojasbrusque.com.br\/wp-content\/uploads\/2023\/08\/Sergio-Walendowsky-Gestao-18-12-2000-a-17-12-2003-234x300.jpg 234w\" sizes=\"(max-width: 685px) 100vw, 685px\" \/><\/figure><div class=\"elementor-image-box-content\"><h3 class=\"elementor-image-box-title\">S\u00e9rgio Walendowsky<\/h3><p class=\"elementor-image-box-description\"><div align=\"center\">18\/12\/2000 \u00e0 17\/12\/2003<\/div><\/p><\/div><\/div>\t\t\t\t<\/div>\n\t\t\t\t<\/div>\n\t\t\t\t\t<\/div>\n\t\t\t\t<\/div>\n\t\t\t\t<\/div>\n\t\t\t\t\t<\/div>\n\t\t\t\t<\/div>\n\t\t<div class=\"elementor-element elementor-element-d550d93 e-flex e-con-boxed e-con e-parent\" data-id=\"d550d93\" data-element_type=\"container\" data-e-type=\"container\">\n\t\t\t\t\t<div class=\"e-con-inner\">\n\t\t<div class=\"elementor-element elementor-element-3999b59 e-con-full e-flex e-con e-child\" data-id=\"3999b59\" data-element_type=\"container\" data-e-type=\"container\">\n\t\t<div class=\"elementor-element elementor-element-2efe606 e-con-full e-flex e-con e-child\" data-id=\"2efe606\" data-element_type=\"container\" data-e-type=\"container\">\n\t\t\t\t<div class=\"elementor-element elementor-element-de65bf9 elementor-widget__width-initial elementor-position-top elementor-widget elementor-widget-image-box\" data-id=\"de65bf9\" data-element_type=\"widget\" data-e-type=\"widget\" data-widget_type=\"image-box.default\">\n\t\t\t\t<div class=\"elementor-widget-container\">\n\t\t\t\t\t<div class=\"elementor-image-box-wrapper\"><figure class=\"elementor-image-box-img\"><img loading=\"lazy\" decoding=\"async\" width=\"685\" height=\"879\" src=\"https:\/\/sindilojasbrusque.com.br\/wp-content\/uploads\/2023\/08\/Zeno-Heinig-Gestao-08-10-1992-a-17-12-1994-de-18-12-1994-a-17-12-1997-de-18-12-1997-a-17-12-2000.jpg\" class=\"attachment-full size-full wp-image-3460\" alt=\"\" srcset=\"https:\/\/sindilojasbrusque.com.br\/wp-content\/uploads\/2023\/08\/Zeno-Heinig-Gestao-08-10-1992-a-17-12-1994-de-18-12-1994-a-17-12-1997-de-18-12-1997-a-17-12-2000.jpg 685w, https:\/\/sindilojasbrusque.com.br\/wp-content\/uploads\/2023\/08\/Zeno-Heinig-Gestao-08-10-1992-a-17-12-1994-de-18-12-1994-a-17-12-1997-de-18-12-1997-a-17-12-2000-234x300.jpg 234w\" sizes=\"(max-width: 685px) 100vw, 685px\" \/><\/figure><div class=\"elementor-image-box-content\"><h3 class=\"elementor-image-box-title\">Zeno Heinig<\/h3><p class=\"elementor-image-box-description\"><div align=\"center\">08-10-1992 \u00e0 17-12-1994<br>\n18-12-1994 \u00e0 17-12-1997<br>\n18-12-1997 \u00e0 17-12-2000<\/div><\/p><\/div><\/div>\t\t\t\t<\/div>\n\t\t\t\t<\/div>\n\t\t\t\t<\/div>\n\t\t\t\t<\/div>\n\t\t<div class=\"elementor-element elementor-element-2d81a2a e-con-full e-flex e-con e-child\" data-id=\"2d81a2a\" data-element_type=\"container\" data-e-type=\"container\">\n\t\t<div class=\"elementor-element elementor-element-d54a5e4 e-flex e-con-boxed e-con e-child\" data-id=\"d54a5e4\" data-element_type=\"container\" data-e-type=\"container\">\n\t\t\t\t\t<div class=\"e-con-inner\">\n\t\t\t\t<div class=\"elementor-element elementor-element-5381375 elementor-position-top elementor-widget elementor-widget-image-box\" data-id=\"5381375\" data-element_type=\"widget\" data-e-type=\"widget\" data-widget_type=\"image-box.default\">\n\t\t\t\t<div class=\"elementor-widget-container\">\n\t\t\t\t\t<div class=\"elementor-image-box-wrapper\"><figure class=\"elementor-image-box-img\"><img loading=\"lazy\" decoding=\"async\" width=\"685\" height=\"879\" src=\"https:\/\/sindilojasbrusque.com.br\/wp-content\/uploads\/2023\/08\/Erico-Antonio-Contesini-Gestao-19-12-1991-a-30-09-1992.jpg\" class=\"attachment-full size-full wp-image-3454\" alt=\"\" srcset=\"https:\/\/sindilojasbrusque.com.br\/wp-content\/uploads\/2023\/08\/Erico-Antonio-Contesini-Gestao-19-12-1991-a-30-09-1992.jpg 685w, https:\/\/sindilojasbrusque.com.br\/wp-content\/uploads\/2023\/08\/Erico-Antonio-Contesini-Gestao-19-12-1991-a-30-09-1992-234x300.jpg 234w\" sizes=\"(max-width: 685px) 100vw, 685px\" \/><\/figure><div class=\"elementor-image-box-content\"><h3 class=\"elementor-image-box-title\">\u00c9rico Ant\u00f4nio Contesini<\/h3><p class=\"elementor-image-box-description\"><div align=\"center\">19-12-1991 \u00e0 30-09-1992\u200b<\/div><\/p><\/div><\/div>\t\t\t\t<\/div>\n\t\t\t\t<\/div>\n\t\t\t\t\t<\/div>\n\t\t\t\t<\/div>\n\t\t\t\t<\/div>\n\t\t<div class=\"elementor-element elementor-element-d157570 e-con-full e-flex e-con e-child\" data-id=\"d157570\" data-element_type=\"container\" data-e-type=\"container\">\n\t\t<div class=\"elementor-element elementor-element-aba3c90 e-flex e-con-boxed e-con e-child\" data-id=\"aba3c90\" data-element_type=\"container\" data-e-type=\"container\">\n\t\t\t\t\t<div class=\"e-con-inner\">\n\t\t\t\t<div class=\"elementor-element elementor-element-39c9e68 elementor-position-top elementor-widget elementor-widget-image-box\" data-id=\"39c9e68\" data-element_type=\"widget\" data-e-type=\"widget\" data-widget_type=\"image-box.default\">\n\t\t\t\t<div class=\"elementor-widget-container\">\n\t\t\t\t\t<div class=\"elementor-image-box-wrapper\"><figure class=\"elementor-image-box-img\"><img loading=\"lazy\" decoding=\"async\" width=\"685\" height=\"879\" src=\"https:\/\/sindilojasbrusque.com.br\/wp-content\/uploads\/2023\/08\/Nelson-Jose-Penk-Gestao-1970-a-1991.jpg\" class=\"attachment-full size-full wp-image-3457\" alt=\"\" srcset=\"https:\/\/sindilojasbrusque.com.br\/wp-content\/uploads\/2023\/08\/Nelson-Jose-Penk-Gestao-1970-a-1991.jpg 685w, https:\/\/sindilojasbrusque.com.br\/wp-content\/uploads\/2023\/08\/Nelson-Jose-Penk-Gestao-1970-a-1991-234x300.jpg 234w\" sizes=\"(max-width: 685px) 100vw, 685px\" \/><\/figure><div class=\"elementor-image-box-content\"><h3 class=\"elementor-image-box-title\">Nelson Jos\u00e9 Penk<\/h3><p class=\"elementor-image-box-description\"><div align=\"center\">1970 \u00e0 1991\u200b<\/div><\/p><\/div><\/div>\t\t\t\t<\/div>\n\t\t\t\t<\/div>\n\t\t\t\t\t<\/div>\n\t\t\t\t<\/div>\n\t\t\t\t<\/div>\n\t\t<div class=\"elementor-element elementor-element-4cb54f4 e-con-full e-flex e-con e-child\" data-id=\"4cb54f4\" data-element_type=\"container\" data-e-type=\"container\">\n\t\t<div class=\"elementor-element elementor-element-5af9ddd e-flex e-con-boxed e-con e-child\" data-id=\"5af9ddd\" data-element_type=\"container\" data-e-type=\"container\">\n\t\t\t\t\t<div class=\"e-con-inner\">\n\t\t\t\t<div class=\"elementor-element elementor-element-43d3f4a elementor-position-top elementor-widget elementor-widget-image-box\" data-id=\"43d3f4a\" data-element_type=\"widget\" data-e-type=\"widget\" data-widget_type=\"image-box.default\">\n\t\t\t\t<div class=\"elementor-widget-container\">\n\t\t\t\t\t<div class=\"elementor-image-box-wrapper\"><figure class=\"elementor-image-box-img\"><img loading=\"lazy\" decoding=\"async\" width=\"685\" height=\"879\" src=\"https:\/\/sindilojasbrusque.com.br\/wp-content\/uploads\/2023\/08\/Carlos-Sid-Renaux-Gestao-1967-a-1970.jpg\" class=\"attachment-full size-full wp-image-3453\" alt=\"\" srcset=\"https:\/\/sindilojasbrusque.com.br\/wp-content\/uploads\/2023\/08\/Carlos-Sid-Renaux-Gestao-1967-a-1970.jpg 685w, https:\/\/sindilojasbrusque.com.br\/wp-content\/uploads\/2023\/08\/Carlos-Sid-Renaux-Gestao-1967-a-1970-234x300.jpg 234w\" sizes=\"(max-width: 685px) 100vw, 685px\" \/><\/figure><div class=\"elementor-image-box-content\"><h3 class=\"elementor-image-box-title\">Carlos Sid  Renaux<\/h3><p class=\"elementor-image-box-description\"><div align=\"center\">1967 \u00e0 1970<\/div><\/p><\/div><\/div>\t\t\t\t<\/div>\n\t\t\t\t<\/div>\n\t\t\t\t\t<\/div>\n\t\t\t\t<\/div>\n\t\t\t\t<\/div>\n\t\t\t\t\t<\/div>\n\t\t\t\t<\/div>\n\t\t<div class=\"elementor-element elementor-element-50846d1 e-flex e-con-boxed e-con e-parent\" data-id=\"50846d1\" data-element_type=\"container\" data-e-type=\"container\">\n\t\t\t\t\t<div class=\"e-con-inner\">\n\t\t<div class=\"elementor-element elementor-element-b120769 e-con-full e-flex e-con e-child\" data-id=\"b120769\" data-element_type=\"container\" data-e-type=\"container\">\n\t\t<div class=\"elementor-element elementor-element-021e837 e-flex e-con-boxed e-con e-child\" data-id=\"021e837\" data-element_type=\"container\" data-e-type=\"container\">\n\t\t\t\t\t<div class=\"e-con-inner\">\n\t\t\t\t<div class=\"elementor-element elementor-element-ca2bd8f elementor-position-top elementor-widget elementor-widget-image-box\" data-id=\"ca2bd8f\" data-element_type=\"widget\" data-e-type=\"widget\" data-widget_type=\"image-box.default\">\n\t\t\t\t<div class=\"elementor-widget-container\">\n\t\t\t\t\t<div class=\"elementor-image-box-wrapper\"><figure class=\"elementor-image-box-img\"><img loading=\"lazy\" decoding=\"async\" width=\"685\" height=\"879\" src=\"https:\/\/sindilojasbrusque.com.br\/wp-content\/uploads\/2023\/08\/Herbert-Jose-Schlindwein-Idealizador-do-Sindilojas.jpg\" class=\"attachment-full size-full wp-image-3455\" alt=\"\" srcset=\"https:\/\/sindilojasbrusque.com.br\/wp-content\/uploads\/2023\/08\/Herbert-Jose-Schlindwein-Idealizador-do-Sindilojas.jpg 685w, https:\/\/sindilojasbrusque.com.br\/wp-content\/uploads\/2023\/08\/Herbert-Jose-Schlindwein-Idealizador-do-Sindilojas-234x300.jpg 234w\" sizes=\"(max-width: 685px) 100vw, 685px\" \/><\/figure><div class=\"elementor-image-box-content\"><h3 class=\"elementor-image-box-title\">Herbert Jos\u00e9 Schlindwein    Idealizador do Sindilojas<\/h3><\/div><\/div>\t\t\t\t<\/div>\n\t\t\t\t<\/div>\n\t\t\t\t\t<\/div>\n\t\t\t\t<\/div>\n\t\t\t\t<\/div>\n\t\t\t\t\t<\/div>\n\t\t\t\t<\/div>\n\t\t\t\t<\/div>\n\t\t","protected":false},"excerpt":{"rendered":"<p>Diretoria Atual 2026\/2030 Presidente FERNANDO WALENDOWSKY (INACIO WALENDOWSKY) Vice-Presidente MARI SUZANA CASSANIGA ROSA (DOKASSA) Secret\u00e1rio JULIO ARIEL SCHUMACHER (GUABIFIOS) Tesoureiro VALTER KOHLER (KOHLER JOALHERIA E OTICA) Diretor de Administra\u00e7\u00e3o FERNANDO BATISTI ARCHER (SUPERMERCADOS ARCHER) Diretor de Rela\u00e7\u00f5es com a Comunidade MARCELO GEVAERD (CAL\u00c7ADOS GEVAERD) Suplente 1\u00ba da Diretoria ENI TERESINHA BARNI (LEMUS\u00a0CAL\u00c7ADOS) \u00a0 \u00a0 \u00a0 [&hellip;]<\/p>\n","protected":false},"author":1,"featured_media":0,"parent":0,"menu_order":0,"comment_status":"closed","ping_status":"closed","template":"page-templates\/page-meettheteam4.php","meta":{"footnotes":""},"class_list":["post-2991","page","type-page","status-publish","hentry"],"_links":{"self":[{"href":"https:\/\/sindilojasbrusque.com.br\/index.php?rest_route=\/wp\/v2\/pages\/2991","targetHints":{"allow":["GET"]}}],"collection":[{"href":"https:\/\/sindilojasbrusque.com.br\/index.php?rest_route=\/wp\/v2\/pages"}],"about":[{"href":"https:\/\/sindilojasbrusque.com.br\/index.php?rest_route=\/wp\/v2\/types\/page"}],"author":[{"embeddable":true,"href":"https:\/\/sindilojasbrusque.com.br\/index.php?rest_route=\/wp\/v2\/users\/1"}],"replies":[{"embeddable":true,"href":"https:\/\/sindilojasbrusque.com.br\/index.php?rest_route=%2Fwp%2Fv2%2Fcomments&post=2991"}],"version-history":[{"count":104,"href":"https:\/\/sindilojasbrusque.com.br\/index.php?rest_route=\/wp\/v2\/pages\/2991\/revisions"}],"predecessor-version":[{"id":4991,"href":"https:\/\/sindilojasbrusque.com.br\/index.php?rest_route=\/wp\/v2\/pages\/2991\/revisions\/4991"}],"wp:attachment":[{"href":"https:\/\/sindilojasbrusque.com.br\/index.php?rest_route=%2Fwp%2Fv2%2Fmedia&parent=2991"}],"curies":[{"name":"wp","href":"https:\/\/api.w.org\/{rel}","templated":true}]}}