{"id":10,"date":"2022-02-15T20:55:53","date_gmt":"2022-02-15T20:55:53","guid":{"rendered":"https:\/\/tishonator.com\/themepreview6\/tishbusiness\/?page_id=10"},"modified":"2023-10-09T02:01:22","modified_gmt":"2023-10-09T05:01:22","slug":"blog","status":"publish","type":"page","link":"https:\/\/sindilojasbrusque.com.br\/?page_id=10","title":{"rendered":"Not\u00edcias"},"content":{"rendered":"\t\t<div data-elementor-type=\"wp-page\" data-elementor-id=\"10\" class=\"elementor elementor-10\" data-elementor-post-type=\"page\">\n\t\t\t\t<div class=\"elementor-element elementor-element-bbef49b e-flex e-con-boxed e-con e-parent\" data-id=\"bbef49b\" data-element_type=\"container\" data-e-type=\"container\">\n\t\t\t\t\t<div class=\"e-con-inner\">\n\t\t<div class=\"elementor-element elementor-element-87bfadc e-flex e-con-boxed e-con e-child\" data-id=\"87bfadc\" data-element_type=\"container\" data-e-type=\"container\">\n\t\t\t\t\t<div class=\"e-con-inner\">\n\t\t\t\t<div class=\"elementor-element elementor-element-595205e elementor-grid-3 elementor-grid-tablet-2 elementor-grid-mobile-1 elementor-posts--thumbnail-top elementor-widget elementor-widget-posts\" data-id=\"595205e\" data-element_type=\"widget\" data-e-type=\"widget\" data-settings=\"{&quot;pagination_type&quot;:&quot;numbers_and_prev_next&quot;,&quot;classic_columns&quot;:&quot;3&quot;,&quot;classic_columns_tablet&quot;:&quot;2&quot;,&quot;classic_columns_mobile&quot;:&quot;1&quot;,&quot;classic_row_gap&quot;:{&quot;unit&quot;:&quot;px&quot;,&quot;size&quot;:35,&quot;sizes&quot;:[]},&quot;classic_row_gap_tablet&quot;:{&quot;unit&quot;:&quot;px&quot;,&quot;size&quot;:&quot;&quot;,&quot;sizes&quot;:[]},&quot;classic_row_gap_mobile&quot;:{&quot;unit&quot;:&quot;px&quot;,&quot;size&quot;:&quot;&quot;,&quot;sizes&quot;:[]}}\" data-widget_type=\"posts.classic\">\n\t\t\t\t<div class=\"elementor-widget-container\">\n\t\t\t\t\t\t\t<div class=\"elementor-posts-container elementor-posts elementor-posts--skin-classic elementor-grid\" role=\"list\">\n\t\t\t\t<article class=\"elementor-post elementor-grid-item post-4992 post type-post status-publish format-standard has-post-thumbnail hentry category-geral\" role=\"listitem\">\n\t\t\t\t<a class=\"elementor-post__thumbnail__link\" href=\"https:\/\/sindilojasbrusque.com.br\/?p=4992\" tabindex=\"-1\" >\n\t\t\t<div class=\"elementor-post__thumbnail\"><img fetchpriority=\"high\" decoding=\"async\" width=\"300\" height=\"169\" src=\"https:\/\/sindilojasbrusque.com.br\/wp-content\/uploads\/2026\/04\/Sindilojjas-2-300x169.jpeg\" class=\"attachment-medium size-medium wp-image-4996\" alt=\"\" srcset=\"https:\/\/sindilojasbrusque.com.br\/wp-content\/uploads\/2026\/04\/Sindilojjas-2-300x169.jpeg 300w, https:\/\/sindilojasbrusque.com.br\/wp-content\/uploads\/2026\/04\/Sindilojjas-2-1024x576.jpeg 1024w, https:\/\/sindilojasbrusque.com.br\/wp-content\/uploads\/2026\/04\/Sindilojjas-2-768x432.jpeg 768w, https:\/\/sindilojasbrusque.com.br\/wp-content\/uploads\/2026\/04\/Sindilojjas-2-1536x864.jpeg 1536w, https:\/\/sindilojasbrusque.com.br\/wp-content\/uploads\/2026\/04\/Sindilojjas-2.jpeg 1600w\" sizes=\"(max-width: 300px) 100vw, 300px\" \/><\/div>\n\t\t<\/a>\n\t\t\t\t<div class=\"elementor-post__text\">\n\t\t\t\t<h3 class=\"elementor-post__title\">\n\t\t\t<a href=\"https:\/\/sindilojasbrusque.com.br\/?p=4992\" >\n\t\t\t\tConcurso de Vitrines de P\u00e1scoa 2026 premia lojas e destaca criatividade do com\u00e9rcio regional\t\t\t<\/a>\n\t\t<\/h3>\n\t\t\t\t<div class=\"elementor-post__excerpt\">\n\t\t\t<p>O Sindicato do Com\u00e9rcio Varejista e Atacadista de Brusque, Botuver\u00e1 e Guabiruba (Sindilojas) anunciou, na manh\u00e3 desta quinta-feira, 16 de abril, as vencedoras da 3\u00aa<\/p>\n\t\t<\/div>\n\t\t\t\t\t<div class=\"elementor-post__read-more-wrapper\">\n\t\t\n\t\t<a class=\"elementor-post__read-more\" href=\"https:\/\/sindilojasbrusque.com.br\/?p=4992\" aria-label=\"Read more about Concurso de Vitrines de P\u00e1scoa 2026 premia lojas e destaca criatividade do com\u00e9rcio regional\" tabindex=\"-1\" >\n\t\t\tLeia mais \u00bb\t\t<\/a>\n\n\t\t\t\t\t<\/div>\n\t\t\t\t<\/div>\n\t\t\t\t<\/article>\n\t\t\t\t<article class=\"elementor-post elementor-grid-item post-4977 post type-post status-publish format-standard has-post-thumbnail hentry category-geral\" role=\"listitem\">\n\t\t\t\t<a class=\"elementor-post__thumbnail__link\" href=\"https:\/\/sindilojasbrusque.com.br\/?p=4977\" tabindex=\"-1\" >\n\t\t\t<div class=\"elementor-post__thumbnail\"><img decoding=\"async\" width=\"300\" height=\"200\" src=\"https:\/\/sindilojasbrusque.com.br\/wp-content\/uploads\/2026\/03\/encontro-da-mulher-10-300x200.jpg\" class=\"attachment-medium size-medium wp-image-4987\" alt=\"\" srcset=\"https:\/\/sindilojasbrusque.com.br\/wp-content\/uploads\/2026\/03\/encontro-da-mulher-10-300x200.jpg 300w, https:\/\/sindilojasbrusque.com.br\/wp-content\/uploads\/2026\/03\/encontro-da-mulher-10-1024x683.jpg 1024w, https:\/\/sindilojasbrusque.com.br\/wp-content\/uploads\/2026\/03\/encontro-da-mulher-10-768x512.jpg 768w, https:\/\/sindilojasbrusque.com.br\/wp-content\/uploads\/2026\/03\/encontro-da-mulher-10-1536x1024.jpg 1536w, https:\/\/sindilojasbrusque.com.br\/wp-content\/uploads\/2026\/03\/encontro-da-mulher-10-2048x1365.jpg 2048w\" sizes=\"(max-width: 300px) 100vw, 300px\" \/><\/div>\n\t\t<\/a>\n\t\t\t\t<div class=\"elementor-post__text\">\n\t\t\t\t<h3 class=\"elementor-post__title\">\n\t\t\t<a href=\"https:\/\/sindilojasbrusque.com.br\/?p=4977\" >\n\t\t\t\tNoite de inspira\u00e7\u00e3o e conex\u00e3o marca o Encontro da Mulher em Brusque\t\t\t<\/a>\n\t\t<\/h3>\n\t\t\t\t<div class=\"elementor-post__excerpt\">\n\t\t\t<p>Promovido em parceria entre o Sindicato dos Empregados no Com\u00e9rcio e o Sindilojas, evento reuniu cerca de 200 mulheres no Teatro do Centro Empresarial com<\/p>\n\t\t<\/div>\n\t\t\t\t\t<div class=\"elementor-post__read-more-wrapper\">\n\t\t\n\t\t<a class=\"elementor-post__read-more\" href=\"https:\/\/sindilojasbrusque.com.br\/?p=4977\" aria-label=\"Read more about Noite de inspira\u00e7\u00e3o e conex\u00e3o marca o Encontro da Mulher em Brusque\" tabindex=\"-1\" >\n\t\t\tLeia mais \u00bb\t\t<\/a>\n\n\t\t\t\t\t<\/div>\n\t\t\t\t<\/div>\n\t\t\t\t<\/article>\n\t\t\t\t<article class=\"elementor-post elementor-grid-item post-4966 post type-post status-publish format-standard has-post-thumbnail hentry category-geral\" role=\"listitem\">\n\t\t\t\t<a class=\"elementor-post__thumbnail__link\" href=\"https:\/\/sindilojasbrusque.com.br\/?p=4966\" tabindex=\"-1\" >\n\t\t\t<div class=\"elementor-post__thumbnail\"><img decoding=\"async\" width=\"300\" height=\"200\" src=\"https:\/\/sindilojasbrusque.com.br\/wp-content\/uploads\/2026\/02\/Sindilojas-Brusque-1-300x200.jpg\" class=\"attachment-medium size-medium wp-image-4967\" alt=\"\" srcset=\"https:\/\/sindilojasbrusque.com.br\/wp-content\/uploads\/2026\/02\/Sindilojas-Brusque-1-300x200.jpg 300w, https:\/\/sindilojasbrusque.com.br\/wp-content\/uploads\/2026\/02\/Sindilojas-Brusque-1-1024x681.jpg 1024w, https:\/\/sindilojasbrusque.com.br\/wp-content\/uploads\/2026\/02\/Sindilojas-Brusque-1-768x511.jpg 768w, https:\/\/sindilojasbrusque.com.br\/wp-content\/uploads\/2026\/02\/Sindilojas-Brusque-1-1536x1022.jpg 1536w, https:\/\/sindilojasbrusque.com.br\/wp-content\/uploads\/2026\/02\/Sindilojas-Brusque-1-2048x1363.jpg 2048w\" sizes=\"(max-width: 300px) 100vw, 300px\" \/><\/div>\n\t\t<\/a>\n\t\t\t\t<div class=\"elementor-post__text\">\n\t\t\t\t<h3 class=\"elementor-post__title\">\n\t\t\t<a href=\"https:\/\/sindilojasbrusque.com.br\/?p=4966\" >\n\t\t\t\tFernando Walendowsky assume presid\u00eancia do Sindilojas e inicia novo ciclo \u00e0 frente da entidade\t\t\t<\/a>\n\t\t<\/h3>\n\t\t\t\t<div class=\"elementor-post__excerpt\">\n\t\t\t<p>Cerim\u00f4nia de posse da nova Diretoria e Conselhos marcou a transi\u00e7\u00e3o da presid\u00eancia, reconheceu o legado constru\u00eddo por Marcelo Gevaerd e apresentou os compromissos da<\/p>\n\t\t<\/div>\n\t\t\t\t\t<div class=\"elementor-post__read-more-wrapper\">\n\t\t\n\t\t<a class=\"elementor-post__read-more\" href=\"https:\/\/sindilojasbrusque.com.br\/?p=4966\" aria-label=\"Read more about Fernando Walendowsky assume presid\u00eancia do Sindilojas e inicia novo ciclo \u00e0 frente da entidade\" tabindex=\"-1\" >\n\t\t\tLeia mais \u00bb\t\t<\/a>\n\n\t\t\t\t\t<\/div>\n\t\t\t\t<\/div>\n\t\t\t\t<\/article>\n\t\t\t\t<article class=\"elementor-post elementor-grid-item post-4962 post type-post status-publish format-standard has-post-thumbnail hentry category-geral\" role=\"listitem\">\n\t\t\t\t<a class=\"elementor-post__thumbnail__link\" href=\"https:\/\/sindilojasbrusque.com.br\/?p=4962\" tabindex=\"-1\" >\n\t\t\t<div class=\"elementor-post__thumbnail\"><img loading=\"lazy\" decoding=\"async\" width=\"300\" height=\"200\" src=\"https:\/\/sindilojasbrusque.com.br\/wp-content\/uploads\/2026\/02\/Sindilojas-carnaval-2-300x200.jpg\" class=\"attachment-medium size-medium wp-image-4961\" alt=\"\" srcset=\"https:\/\/sindilojasbrusque.com.br\/wp-content\/uploads\/2026\/02\/Sindilojas-carnaval-2-300x200.jpg 300w, https:\/\/sindilojasbrusque.com.br\/wp-content\/uploads\/2026\/02\/Sindilojas-carnaval-2-1024x683.jpg 1024w, https:\/\/sindilojasbrusque.com.br\/wp-content\/uploads\/2026\/02\/Sindilojas-carnaval-2-768x512.jpg 768w, https:\/\/sindilojasbrusque.com.br\/wp-content\/uploads\/2026\/02\/Sindilojas-carnaval-2-1536x1024.jpg 1536w\" sizes=\"(max-width: 300px) 100vw, 300px\" \/><\/div>\n\t\t<\/a>\n\t\t\t\t<div class=\"elementor-post__text\">\n\t\t\t\t<h3 class=\"elementor-post__title\">\n\t\t\t<a href=\"https:\/\/sindilojasbrusque.com.br\/?p=4962\" >\n\t\t\t\tCarnaval 2026: como fica o funcionamento do com\u00e9rcio na regi\u00e3o\t\t\t<\/a>\n\t\t<\/h3>\n\t\t\t\t<div class=\"elementor-post__excerpt\">\n\t\t\t<p>Com a aproxima\u00e7\u00e3o do Carnaval, surgem d\u00favidas sobre o funcionamento do com\u00e9rcio em Brusque, Guabiruba e Botuver\u00e1. Para orientar empres\u00e1rios e consumidores e garantir o<\/p>\n\t\t<\/div>\n\t\t\t\t\t<div class=\"elementor-post__read-more-wrapper\">\n\t\t\n\t\t<a class=\"elementor-post__read-more\" href=\"https:\/\/sindilojasbrusque.com.br\/?p=4962\" aria-label=\"Read more about Carnaval 2026: como fica o funcionamento do com\u00e9rcio na regi\u00e3o\" tabindex=\"-1\" >\n\t\t\tLeia mais \u00bb\t\t<\/a>\n\n\t\t\t\t\t<\/div>\n\t\t\t\t<\/div>\n\t\t\t\t<\/article>\n\t\t\t\t<article class=\"elementor-post elementor-grid-item post-4930 post type-post status-publish format-standard has-post-thumbnail hentry category-geral\" role=\"listitem\">\n\t\t\t\t<a class=\"elementor-post__thumbnail__link\" href=\"https:\/\/sindilojasbrusque.com.br\/?p=4930\" tabindex=\"-1\" >\n\t\t\t<div class=\"elementor-post__thumbnail\"><img loading=\"lazy\" decoding=\"async\" width=\"300\" height=\"200\" src=\"https:\/\/sindilojasbrusque.com.br\/wp-content\/uploads\/2026\/02\/Sindilojas-Brusque-63-300x200.jpg\" class=\"attachment-medium size-medium wp-image-4949\" alt=\"\" srcset=\"https:\/\/sindilojasbrusque.com.br\/wp-content\/uploads\/2026\/02\/Sindilojas-Brusque-63-300x200.jpg 300w, https:\/\/sindilojasbrusque.com.br\/wp-content\/uploads\/2026\/02\/Sindilojas-Brusque-63-1024x683.jpg 1024w, https:\/\/sindilojasbrusque.com.br\/wp-content\/uploads\/2026\/02\/Sindilojas-Brusque-63-768x512.jpg 768w, https:\/\/sindilojasbrusque.com.br\/wp-content\/uploads\/2026\/02\/Sindilojas-Brusque-63-1536x1024.jpg 1536w, https:\/\/sindilojasbrusque.com.br\/wp-content\/uploads\/2026\/02\/Sindilojas-Brusque-63-2048x1365.jpg 2048w\" sizes=\"(max-width: 300px) 100vw, 300px\" \/><\/div>\n\t\t<\/a>\n\t\t\t\t<div class=\"elementor-post__text\">\n\t\t\t\t<h3 class=\"elementor-post__title\">\n\t\t\t<a href=\"https:\/\/sindilojasbrusque.com.br\/?p=4930\" >\n\t\t\t\tSindilojas celebra 59 anos com noite hist\u00f3rica de reconhecimento, emo\u00e7\u00e3o e proje\u00e7\u00e3o de futuro\t\t\t<\/a>\n\t\t<\/h3>\n\t\t\t\t<div class=\"elementor-post__excerpt\">\n\t\t\t<p>O Sindicato do Com\u00e9rcio Varejista e Atacadista de Brusque, Botuver\u00e1 e Guabiruba &#8211; Sindilojas celebrou seus 59 anos de hist\u00f3ria, em uma solenidade marcante, realizada<\/p>\n\t\t<\/div>\n\t\t\t\t\t<div class=\"elementor-post__read-more-wrapper\">\n\t\t\n\t\t<a class=\"elementor-post__read-more\" href=\"https:\/\/sindilojasbrusque.com.br\/?p=4930\" aria-label=\"Read more about Sindilojas celebra 59 anos com noite hist\u00f3rica de reconhecimento, emo\u00e7\u00e3o e proje\u00e7\u00e3o de futuro\" tabindex=\"-1\" >\n\t\t\tLeia mais \u00bb\t\t<\/a>\n\n\t\t\t\t\t<\/div>\n\t\t\t\t<\/div>\n\t\t\t\t<\/article>\n\t\t\t\t<article class=\"elementor-post elementor-grid-item post-4920 post type-post status-publish format-standard has-post-thumbnail hentry category-geral\" role=\"listitem\">\n\t\t\t\t<a class=\"elementor-post__thumbnail__link\" href=\"https:\/\/sindilojasbrusque.com.br\/?p=4920\" tabindex=\"-1\" >\n\t\t\t<div class=\"elementor-post__thumbnail\"><img loading=\"lazy\" decoding=\"async\" width=\"300\" height=\"200\" src=\"https:\/\/sindilojasbrusque.com.br\/wp-content\/uploads\/2026\/01\/Sindilojas-28-300x200.jpg\" class=\"attachment-medium size-medium wp-image-4922\" alt=\"\" srcset=\"https:\/\/sindilojasbrusque.com.br\/wp-content\/uploads\/2026\/01\/Sindilojas-28-300x200.jpg 300w, https:\/\/sindilojasbrusque.com.br\/wp-content\/uploads\/2026\/01\/Sindilojas-28-1024x683.jpg 1024w, https:\/\/sindilojasbrusque.com.br\/wp-content\/uploads\/2026\/01\/Sindilojas-28-768x512.jpg 768w, https:\/\/sindilojasbrusque.com.br\/wp-content\/uploads\/2026\/01\/Sindilojas-28-1536x1024.jpg 1536w, https:\/\/sindilojasbrusque.com.br\/wp-content\/uploads\/2026\/01\/Sindilojas-28-2048x1365.jpg 2048w\" sizes=\"(max-width: 300px) 100vw, 300px\" \/><\/div>\n\t\t<\/a>\n\t\t\t\t<div class=\"elementor-post__text\">\n\t\t\t\t<h3 class=\"elementor-post__title\">\n\t\t\t<a href=\"https:\/\/sindilojasbrusque.com.br\/?p=4920\" >\n\t\t\t\tSindilojas lan\u00e7a Concurso de Vitrines de P\u00e1scoa 2026 e Workshop de Vitrinismo\t\t\t<\/a>\n\t\t<\/h3>\n\t\t\t\t<div class=\"elementor-post__excerpt\">\n\t\t\t<p>O Sindicato do Com\u00e9rcio Varejista e Atacadista de Brusque, Guabiruba e Botuver\u00e1 (Sindilojas) realizou, nesta quinta-feira, 22 de janeiro, o lan\u00e7amento oficial da 3\u00aa edi\u00e7\u00e3o<\/p>\n\t\t<\/div>\n\t\t\t\t\t<div class=\"elementor-post__read-more-wrapper\">\n\t\t\n\t\t<a class=\"elementor-post__read-more\" href=\"https:\/\/sindilojasbrusque.com.br\/?p=4920\" aria-label=\"Read more about Sindilojas lan\u00e7a Concurso de Vitrines de P\u00e1scoa 2026 e Workshop de Vitrinismo\" tabindex=\"-1\" >\n\t\t\tLeia mais \u00bb\t\t<\/a>\n\n\t\t\t\t\t<\/div>\n\t\t\t\t<\/div>\n\t\t\t\t<\/article>\n\t\t\t\t<\/div>\n\t\t\n\t\t\t\t<div class=\"e-load-more-anchor\" data-page=\"1\" data-max-page=\"30\" data-next-page=\"https:\/\/sindilojasbrusque.com.br\/index.php?rest_route=%2Fwp%2Fv2%2Fpages%2F10&#038;paged=2\"><\/div>\n\t\t\t\t<nav class=\"elementor-pagination\" aria-label=\"Pagination\">\n\t\t\t<span class=\"page-numbers prev\">&laquo; Anterior<\/span>\n<span aria-current=\"page\" class=\"page-numbers current\"><span class=\"elementor-screen-only\">Page<\/span>1<\/span>\n<a class=\"page-numbers\" href=\"https:\/\/sindilojasbrusque.com.br\/index.php\/?paged=2\"><span class=\"elementor-screen-only\">Page<\/span>2<\/a>\n<a class=\"page-numbers\" href=\"https:\/\/sindilojasbrusque.com.br\/index.php\/?paged=3\"><span class=\"elementor-screen-only\">Page<\/span>3<\/a>\n<a class=\"page-numbers\" href=\"https:\/\/sindilojasbrusque.com.br\/index.php\/?paged=4\"><span class=\"elementor-screen-only\">Page<\/span>4<\/a>\n<a class=\"page-numbers\" href=\"https:\/\/sindilojasbrusque.com.br\/index.php\/?paged=5\"><span class=\"elementor-screen-only\">Page<\/span>5<\/a>\n<a class=\"page-numbers next\" href=\"https:\/\/sindilojasbrusque.com.br\/index.php?rest_route=%2Fwp%2Fv2%2Fpages%2F10&#038;paged=2\">Seguinte &raquo;<\/a>\t\t<\/nav>\n\t\t\t\t\t\t<\/div>\n\t\t\t\t<\/div>\n\t\t\t\t\t<\/div>\n\t\t\t\t<\/div>\n\t\t\t\t\t<\/div>\n\t\t\t\t<\/div>\n\t\t\t\t<\/div>\n\t\t","protected":false},"excerpt":{"rendered":"","protected":false},"author":1,"featured_media":0,"parent":0,"menu_order":0,"comment_status":"closed","ping_status":"closed","template":"","meta":{"footnotes":""},"class_list":["post-10","page","type-page","status-publish","hentry","has-post-thumbnail"],"_links":{"self":[{"href":"https:\/\/sindilojasbrusque.com.br\/index.php?rest_route=\/wp\/v2\/pages\/10","targetHints":{"allow":["GET"]}}],"collection":[{"href":"https:\/\/sindilojasbrusque.com.br\/index.php?rest_route=\/wp\/v2\/pages"}],"about":[{"href":"https:\/\/sindilojasbrusque.com.br\/index.php?rest_route=\/wp\/v2\/types\/page"}],"author":[{"embeddable":true,"href":"https:\/\/sindilojasbrusque.com.br\/index.php?rest_route=\/wp\/v2\/users\/1"}],"replies":[{"embeddable":true,"href":"https:\/\/sindilojasbrusque.com.br\/index.php?rest_route=%2Fwp%2Fv2%2Fcomments&post=10"}],"version-history":[{"count":19,"href":"https:\/\/sindilojasbrusque.com.br\/index.php?rest_route=\/wp\/v2\/pages\/10\/revisions"}],"predecessor-version":[{"id":4381,"href":"https:\/\/sindilojasbrusque.com.br\/index.php?rest_route=\/wp\/v2\/pages\/10\/revisions\/4381"}],"wp:attachment":[{"href":"https:\/\/sindilojasbrusque.com.br\/index.php?rest_route=%2Fwp%2Fv2%2Fmedia&parent=10"}],"curies":[{"name":"wp","href":"https:\/\/api.w.org\/{rel}","templated":true}]}}